{"id":18059,"date":"2025-06-12T17:42:29","date_gmt":"2025-06-12T17:42:29","guid":{"rendered":"https:\/\/www.ikusi.com\/aviso-legal\/"},"modified":"2025-08-14T23:54:26","modified_gmt":"2025-08-14T23:54:26","slug":"aviso-legal","status":"publish","type":"page","link":"https:\/\/www.ikusi.com\/en\/aviso-legal\/","title":{"rendered":"Aviso legal"},"content":{"rendered":"\n<h2 class=\"wp-block-heading\">Datos del Titular<\/h2>\n\n\n\n<p>En cumplimiento del art\u00edculo 10 de la Ley 34\/2002, de 11 de julio, de Servicios de la Sociedad de la Informaci\u00f3n y Comercio Electr\u00f3nico, a continuaci\u00f3n se exponen los siguientes datos de la empresa:<\/p>\n\n\n\n<p>Denominaci\u00f3n social: Ikusi Redes de Telecomunicaciones, S.L.<br>Datos Registrales: Inscrita en el Registro Mercantil de Guip\u00fazcoa. Tomo 2.000 de Inscripciones, Folio 107, Hoja SS-21.647<br>Domicilio fiscal: Paseo Miram\u00f3n, 170 \u2013 20014 Donostia- San Sebasti\u00e1n<br>CIF: B-20794657<\/p>\n\n\n\n<h2 class=\"wp-block-heading\">C\u00f3digos de Conducta<\/h2>\n\n\n\n<p>La sociedad Ikusi Redes de Telecomunicaciones, S.L. y sus empleados se encuentran sometidos a las normas internas del C\u00f3digo \u00c9tico y de Responsabilidad Social Corporativa de Velatia que est\u00e1n a disposici\u00f3n de los usuarios junto con la informaci\u00f3n relativa a su cumplimiento en la siguiente direcci\u00f3n: http:\/\/www.velatia.com\/es\/sostenibilidad<br>Copyright. Derechos<\/p>\n\n\n\n<h2 class=\"wp-block-heading\">Reservados todos los derechos.<\/h2>\n\n\n\n<p>Queda expresamente prohibido, sin permiso previo y expreso de Ikusi Redes de Telecomunicaciones, S.L., la reproducci\u00f3n, copia, cesi\u00f3n, difusi\u00f3n y cualquier tipo de utilizaci\u00f3n, total o parcial, del contenido de la presente p\u00e1gina web, cualquiera que sea su finalidad.<\/p>\n\n\n\n<p>Queda igualmente prohibido cualquier tipo de manipulaci\u00f3n, alteraci\u00f3n o modificaci\u00f3n de la configuraci\u00f3n y contenidos de esta p\u00e1gina web.<\/p>\n\n\n\n<p>Los usuarios de la p\u00e1gina deber\u00e1n respetar el contenido y configuraci\u00f3n de la misma, as\u00ed como los derechos de propiedad intelectual e industrial que la amparan.<br>Uso de la P\u00e1gina Web<\/p>\n\n\n\n<p>El uso de esta p\u00e1gina web total o parcialmente supone la aceptaci\u00f3n de los t\u00e9rminos que a continuaci\u00f3n se detallan. En caso de no aceptar alguno de ellos no se encuentra autorizado a utilizar esta p\u00e1gina web.<\/p>\n\n\n\n<p>Revisen, por favor, las condiciones de uso publicadas en esta p\u00e1gina web de forma regular para asegurarse de que conocen todos los t\u00e9rminos que rigen su uso.<\/p>\n\n\n\n<p>Estas condiciones de uso pueden ser modificadas por Ikusi Redes de Telecomunicaciones, S.L. en cualquier momento. Una vez modificadas, las condiciones de uso tendr\u00e1n efecto desde el mismo momento en el que se introduzcan en esta p\u00e1gina web.<\/p>\n\n\n\n<p>La informaci\u00f3n facilitada a cualquier usuario en esta p\u00e1gina web se proporciona sin garant\u00edas de ning\u00fan tipo, ya sean expresas o impl\u00edcitas; Ikusi Redes de Telecomunicaciones, S.L. tampoco concede ninguna garant\u00eda de que el acceso a dicho portal sea ininterrumpido, que el portal sea seguro o que est\u00e9 libre de virus o de cualquier otro elemento perjudicial, ni de que la informaci\u00f3n facilitada en el portal sea completa, precisa y oportuna en todo momento.<\/p>\n\n\n\n<p>En ning\u00fan caso Ikusi Redes de Telecomunicaciones, S.L. ser\u00e1 responsable de ni ning\u00fan da\u00f1o directo, indirecto, consecuencial o punible ocasionado, originado o en conexi\u00f3n con el uso o la imposibilidad de utilizar esta p\u00e1gina web o su contenido.<\/p>\n\n\n\n<p>Asimismo Ikusi Redes de Telecomunicaciones, S.L., tampoco se responsabilizar\u00e1 de ning\u00fan tipo de manipulaci\u00f3n o alteraci\u00f3n que, efectuada por terceros, pueda causar da\u00f1os a los usuarios de esta p\u00e1gina web.<\/p>\n\n\n\n<p>Ikusi Redes de Telecomunicaciones, S.L., no captar\u00e1 m\u00e1s datos personales que los expresamente facilitados por sus usuarios.<\/p>\n","protected":false},"excerpt":{"rendered":"<p>Datos del Titular En cumplimiento del art\u00edculo 10 de la Ley 34\/2002, de 11 de julio, de Servicios de la [&hellip;]<\/p>\n","protected":false},"author":1,"featured_media":0,"parent":0,"menu_order":12,"comment_status":"closed","ping_status":"closed","template":"page-legal.php","meta":{"_acf_changed":false,"footnotes":""},"class_list":["post-18059","page","type-page","status-publish","hentry"],"acf":[],"yoast_head":"<!-- This site is optimized with the Yoast SEO plugin v25.9 - https:\/\/yoast.com\/wordpress\/plugins\/seo\/ -->\n<title>Aviso legal - Ikusi<\/title>\n<meta name=\"robots\" content=\"index, follow, max-snippet:-1, max-image-preview:large, max-video-preview:-1\" \/>\n<link rel=\"canonical\" href=\"https:\/\/www.ikusi.com\/en\/aviso-legal\/\" \/>\n<meta property=\"og:locale\" content=\"en_US\" \/>\n<meta property=\"og:type\" content=\"article\" \/>\n<meta property=\"og:title\" content=\"Aviso legal - Ikusi\" \/>\n<meta property=\"og:description\" content=\"Datos del Titular En cumplimiento del art\u00edculo 10 de la Ley 34\/2002, de 11 de julio, de Servicios de la [&hellip;]\" \/>\n<meta property=\"og:url\" content=\"https:\/\/www.ikusi.com\/en\/aviso-legal\/\" \/>\n<meta property=\"og:site_name\" content=\"Ikusi\" \/>\n<meta property=\"article:publisher\" content=\"https:\/\/www.facebook.com\/IkusiVelatia\" \/>\n<meta property=\"article:modified_time\" content=\"2025-08-14T23:54:26+00:00\" \/>\n<meta name=\"twitter:card\" content=\"summary_large_image\" \/>\n<meta name=\"twitter:site\" content=\"@ikusi_espana\" \/>\n<meta name=\"twitter:label1\" content=\"Est. reading time\" \/>\n\t<meta name=\"twitter:data1\" content=\"3 minutes\" \/>\n<script type=\"application\/ld+json\" class=\"yoast-schema-graph\">{\"@context\":\"https:\/\/schema.org\",\"@graph\":[{\"@type\":\"WebPage\",\"@id\":\"https:\/\/www.ikusi.com\/en\/aviso-legal\/\",\"url\":\"https:\/\/www.ikusi.com\/en\/aviso-legal\/\",\"name\":\"Aviso legal - Ikusi\",\"isPartOf\":{\"@id\":\"https:\/\/www.ikusi.com\/en\/#website\"},\"datePublished\":\"2025-06-12T17:42:29+00:00\",\"dateModified\":\"2025-08-14T23:54:26+00:00\",\"breadcrumb\":{\"@id\":\"https:\/\/www.ikusi.com\/en\/aviso-legal\/#breadcrumb\"},\"inLanguage\":\"en-US\",\"potentialAction\":[{\"@type\":\"ReadAction\",\"target\":[\"https:\/\/www.ikusi.com\/en\/aviso-legal\/\"]}]},{\"@type\":\"BreadcrumbList\",\"@id\":\"https:\/\/www.ikusi.com\/en\/aviso-legal\/#breadcrumb\",\"itemListElement\":[{\"@type\":\"ListItem\",\"position\":1,\"name\":\"Portada\",\"item\":\"https:\/\/www.ikusi.com\/en\/\"},{\"@type\":\"ListItem\",\"position\":2,\"name\":\"Aviso legal\"}]},{\"@type\":\"WebSite\",\"@id\":\"https:\/\/www.ikusi.com\/en\/#website\",\"url\":\"https:\/\/www.ikusi.com\/en\/\",\"name\":\"Ikusi - Servicios de Digitalizaci\u00f3n y Ciberseguridad\",\"description\":\"\",\"publisher\":{\"@id\":\"https:\/\/www.ikusi.com\/en\/#organization\"},\"potentialAction\":[{\"@type\":\"SearchAction\",\"target\":{\"@type\":\"EntryPoint\",\"urlTemplate\":\"https:\/\/www.ikusi.com\/en\/?s={search_term_string}\"},\"query-input\":{\"@type\":\"PropertyValueSpecification\",\"valueRequired\":true,\"valueName\":\"search_term_string\"}}],\"inLanguage\":\"en-US\"},{\"@type\":\"Organization\",\"@id\":\"https:\/\/www.ikusi.com\/en\/#organization\",\"name\":\"Ikusi\",\"url\":\"https:\/\/www.ikusi.com\/en\/\",\"logo\":{\"@type\":\"ImageObject\",\"inLanguage\":\"en-US\",\"@id\":\"https:\/\/www.ikusi.com\/en\/#\/schema\/logo\/image\/\",\"url\":\"https:\/\/www.ikusi.com\/wp-content\/uploads\/2025\/06\/logo-ikusi.svg\",\"contentUrl\":\"https:\/\/www.ikusi.com\/wp-content\/uploads\/2025\/06\/logo-ikusi.svg\",\"width\":1,\"height\":1,\"caption\":\"Ikusi\"},\"image\":{\"@id\":\"https:\/\/www.ikusi.com\/en\/#\/schema\/logo\/image\/\"},\"sameAs\":[\"https:\/\/www.facebook.com\/IkusiVelatia\",\"https:\/\/x.com\/ikusi_espana\",\"https:\/\/www.instagram.com\/ikusi.velatia\/\",\"https:\/\/www.linkedin.com\/company\/ikusi\/\",\"https:\/\/www.youtube.com\/user\/IkusiGroup\"]}]}<\/script>\n<!-- \/ Yoast SEO plugin. -->","yoast_head_json":{"title":"Aviso legal - Ikusi","robots":{"index":"index","follow":"follow","max-snippet":"max-snippet:-1","max-image-preview":"max-image-preview:large","max-video-preview":"max-video-preview:-1"},"canonical":"https:\/\/www.ikusi.com\/en\/aviso-legal\/","og_locale":"en_US","og_type":"article","og_title":"Aviso legal - Ikusi","og_description":"Datos del Titular En cumplimiento del art\u00edculo 10 de la Ley 34\/2002, de 11 de julio, de Servicios de la [&hellip;]","og_url":"https:\/\/www.ikusi.com\/en\/aviso-legal\/","og_site_name":"Ikusi","article_publisher":"https:\/\/www.facebook.com\/IkusiVelatia","article_modified_time":"2025-08-14T23:54:26+00:00","twitter_card":"summary_large_image","twitter_site":"@ikusi_espana","twitter_misc":{"Est. reading time":"3 minutes"},"schema":{"@context":"https:\/\/schema.org","@graph":[{"@type":"WebPage","@id":"https:\/\/www.ikusi.com\/en\/aviso-legal\/","url":"https:\/\/www.ikusi.com\/en\/aviso-legal\/","name":"Aviso legal - Ikusi","isPartOf":{"@id":"https:\/\/www.ikusi.com\/en\/#website"},"datePublished":"2025-06-12T17:42:29+00:00","dateModified":"2025-08-14T23:54:26+00:00","breadcrumb":{"@id":"https:\/\/www.ikusi.com\/en\/aviso-legal\/#breadcrumb"},"inLanguage":"en-US","potentialAction":[{"@type":"ReadAction","target":["https:\/\/www.ikusi.com\/en\/aviso-legal\/"]}]},{"@type":"BreadcrumbList","@id":"https:\/\/www.ikusi.com\/en\/aviso-legal\/#breadcrumb","itemListElement":[{"@type":"ListItem","position":1,"name":"Portada","item":"https:\/\/www.ikusi.com\/en\/"},{"@type":"ListItem","position":2,"name":"Aviso legal"}]},{"@type":"WebSite","@id":"https:\/\/www.ikusi.com\/en\/#website","url":"https:\/\/www.ikusi.com\/en\/","name":"Ikusi - Servicios de Digitalizaci\u00f3n y Ciberseguridad","description":"","publisher":{"@id":"https:\/\/www.ikusi.com\/en\/#organization"},"potentialAction":[{"@type":"SearchAction","target":{"@type":"EntryPoint","urlTemplate":"https:\/\/www.ikusi.com\/en\/?s={search_term_string}"},"query-input":{"@type":"PropertyValueSpecification","valueRequired":true,"valueName":"search_term_string"}}],"inLanguage":"en-US"},{"@type":"Organization","@id":"https:\/\/www.ikusi.com\/en\/#organization","name":"Ikusi","url":"https:\/\/www.ikusi.com\/en\/","logo":{"@type":"ImageObject","inLanguage":"en-US","@id":"https:\/\/www.ikusi.com\/en\/#\/schema\/logo\/image\/","url":"https:\/\/www.ikusi.com\/wp-content\/uploads\/2025\/06\/logo-ikusi.svg","contentUrl":"https:\/\/www.ikusi.com\/wp-content\/uploads\/2025\/06\/logo-ikusi.svg","width":1,"height":1,"caption":"Ikusi"},"image":{"@id":"https:\/\/www.ikusi.com\/en\/#\/schema\/logo\/image\/"},"sameAs":["https:\/\/www.facebook.com\/IkusiVelatia","https:\/\/x.com\/ikusi_espana","https:\/\/www.instagram.com\/ikusi.velatia\/","https:\/\/www.linkedin.com\/company\/ikusi\/","https:\/\/www.youtube.com\/user\/IkusiGroup"]}]}},"_links":{"self":[{"href":"https:\/\/www.ikusi.com\/en\/wp-json\/wp\/v2\/pages\/18059","targetHints":{"allow":["GET"]}}],"collection":[{"href":"https:\/\/www.ikusi.com\/en\/wp-json\/wp\/v2\/pages"}],"about":[{"href":"https:\/\/www.ikusi.com\/en\/wp-json\/wp\/v2\/types\/page"}],"author":[{"embeddable":true,"href":"https:\/\/www.ikusi.com\/en\/wp-json\/wp\/v2\/users\/1"}],"replies":[{"embeddable":true,"href":"https:\/\/www.ikusi.com\/en\/wp-json\/wp\/v2\/comments?post=18059"}],"version-history":[{"count":1,"href":"https:\/\/www.ikusi.com\/en\/wp-json\/wp\/v2\/pages\/18059\/revisions"}],"predecessor-version":[{"id":23707,"href":"https:\/\/www.ikusi.com\/en\/wp-json\/wp\/v2\/pages\/18059\/revisions\/23707"}],"wp:attachment":[{"href":"https:\/\/www.ikusi.com\/en\/wp-json\/wp\/v2\/media?parent=18059"}],"curies":[{"name":"wp","href":"https:\/\/api.w.org\/{rel}","templated":true}]}}