{"id":74,"date":"2025-05-14T23:09:24","date_gmt":"2025-05-14T23:09:24","guid":{"rendered":"https:\/\/www.ikusi.com\/?page_id=74"},"modified":"2025-08-12T01:38:37","modified_gmt":"2025-08-12T01:38:37","slug":"certificaciones","status":"publish","type":"page","link":"https:\/\/www.ikusi.com\/es\/sobre-ikusi\/certificaciones\/","title":{"rendered":"Certificaciones"},"content":{"rendered":"\n<section class=\"floater content_image_text_header_wrapper section_block paralax_parent trigger_parent bg_blanco block_frst_item marTop_ninguno marBot_grande\">\n\n    <!--<div class=\"spacer\" style=\"padding-top:0px\"><\/div>-->\n\n    \n    \n        <div class=\"content_image_text align_leftimg content_image_text_header\">\n\n            <div class=\"c_left\">\n                <div class=\"c_content trigger_child anim_bottom_opacity animation_group\">\n                    <h1>Certificaciones<\/h1>\n<p><span class=\"dig-1hicw9p1_4-2-0 dig-1hicw9p0_4-2-0 dig-ekabin0_4-2-0 dig-Theme-vis2023 dig-Theme-vis2023--dark dig-Mode--dark In-Theme-Provider\">En el competitivo mundo empresarial, la obtenci\u00f3n de certificaciones tecnol\u00f3gicas y credenciales con renombrados fabricantes, proveedores, organismos y clientes es una muestra de calidad y compromiso y tambi\u00e9n una se\u00f1al de constante evoluci\u00f3n y adaptaci\u00f3n. <\/span><\/p>\n<p><span class=\"dig-1hicw9p1_4-2-0 dig-1hicw9p0_4-2-0 dig-ekabin0_4-2-0 dig-Theme-vis2023 dig-Theme-vis2023--dark dig-Mode--dark In-Theme-Provider\">En este sentido, Ikusi ha sido reconocida por sus esfuerzos en garantizar la calidad y fiabilidad de sus productos y servicios por organismos internacionales.<\/span><\/p>\n<p><span class=\"dig-1hicw9p1_4-2-0 dig-1hicw9p0_4-2-0 dig-ekabin0_4-2-0 dig-Theme-vis2023 dig-Theme-vis2023--dark dig-Mode--dark In-Theme-Provider\"> Tambi\u00e9n se ha posicionado como un referente en el \u00e1mbito de los servicios tecnol\u00f3gicos gracias a sus certificaciones y credenciales, incluyendo diversas certificaciones entecnolog\u00edas de la informaci\u00f3n,y ha sido reconocida por fabricantes l\u00edderes del mercado gracias a su excelencia en la implementaci\u00f3n de soluciones tecnol\u00f3gicas y su capacidad para mantener altos niveles de servicio<\/span><\/p>\n\n                                    <\/div>\n            <\/div>\n\n            <div class=\"c_right trigger_child animation_group anim_bottom_opacity anim_delay_1\">\n\n                \n                \n                \n                    <div class=\"img_wrapper \">\n                        <div class=\"img_changer_1 animation_group anim_left_opacity anim_delay_1\">\n                            <picture class=\"item_picture\"><source srcset=\"https:\/\/www.ikusi.com\/wp-content\/uploads\/2025\/06\/ikusi-certificaciones-1000x696.jpg.webp\" alt=\"Ikusi Certificaciones\" title=\"Ikusi Certificaciones\" type=\"image\/webp\" ><source srcset=\"https:\/\/www.ikusi.com\/wp-content\/uploads\/2025\/06\/ikusi-certificaciones-1000x696.jpg\" alt=\"Ikusi Certificaciones\" title=\"Ikusi Certificaciones\" ><img decoding=\"async\" width=\"\" height=\"\" src=\"https:\/\/www.ikusi.com\/wp-content\/uploads\/2025\/06\/ikusi-certificaciones-1000x696.jpg\" alt=\"Ikusi Certificaciones\" title=\"Ikusi Certificaciones\"><\/picture>                        <\/div>\n                                            <\/div>\n\n                \n            <\/div>\n\n                            <div class=\"img_textura textura_layer_zover textura_align_righttop\">\n                    <load-svg data-pvelocity=\"1\" class=\"paralax_item textura_c_verde2\" src=\"https:\/\/www.ikusi.com\/wp-content\/themes\/ikusi2025\/images\/texturas\/colab_01.svg\"><\/load-svg>\n                <\/div>\n            \n        <\/div>\n\n    \n<\/section>\n\n\n\n\n<section class=\"floater content_image_text_header_wrapper section_block paralax_parent trigger_parent bg_blanco block_frst_item marTop_ninguno marBot_grande\">\n\n    <!--<div class=\"spacer\" style=\"padding-top:0px\"><\/div>-->\n\n    \n    \n        <div class=\"content_image_text align_rightimg content_image_text_header\">\n\n            <div class=\"c_left\">\n                <div class=\"c_content trigger_child anim_bottom_opacity animation_group\">\n                    <h2>Gold Provider<\/h2>\n<p>Cisco ha renovado hasta noviembre de 2025 la certificaci\u00f3n global como Cisco Gold Provider a Ikusi.<\/p>\n<p>Es un reconocimiento expreso a la capacidad de Ikusi para prestar Managed IT Servicesde primer nivel, con un valor a\u00f1adido: que la certificaci\u00f3n se extiende a m\u00faltiples arquitecturas basadas en tecnolog\u00eda Cisco:<\/p>\n<ul style=\"list-style-type: square\">\n<li><span class=\"dig-1hicw9p1_4-2-0 dig-1hicw9p0_4-2-0 dig-ekabin0_4-2-0 dig-Theme-vis2023 dig-Theme-vis2023--dark dig-Mode--dark In-Theme-Provider\"><strong>Catalyst SD-WAN<\/strong> (Ikusi Fly over the WAN)<\/span><\/li>\n<li><span class=\"dig-1hicw9p1_4-2-0 dig-1hicw9p0_4-2-0 dig-ekabin0_4-2-0 dig-Theme-vis2023 dig-Theme-vis2023--dark dig-Mode--dark In-Theme-Provider\"><strong>Meraki Security &amp; SD-WAN<\/strong> (Ikusi Fly over the WAN)<\/span><\/li>\n<li><span class=\"dig-1hicw9p1_4-2-0 dig-1hicw9p0_4-2-0 dig-ekabin0_4-2-0 dig-Theme-vis2023 dig-Theme-vis2023--dark dig-Mode--dark In-Theme-Provider\"><strong>Cloud Calling<\/strong> (Ikusi Cloud Collaboration)<\/span><\/li>\n<li><span class=\"dig-1hicw9p1_4-2-0 dig-1hicw9p0_4-2-0 dig-ekabin0_4-2-0 dig-Theme-vis2023 dig-Theme-vis2023--dark dig-Mode--dark In-Theme-Provider\"><strong>Cloud Managed<\/strong> Security <\/span><\/li>\n<li><span class=\"dig-1hicw9p1_4-2-0 dig-1hicw9p0_4-2-0 dig-ekabin0_4-2-0 dig-Theme-vis2023 dig-Theme-vis2023--dark dig-Mode--dark In-Theme-Provider\"><strong>Meraki<\/strong> Access <\/span><\/li>\n<li><span class=\"dig-1hicw9p1_4-2-0 dig-1hicw9p0_4-2-0 dig-ekabin0_4-2-0 dig-Theme-vis2023 dig-Theme-vis2023--dark dig-Mode--dark In-Theme-Provider\"><strong>Secure Access<\/strong> Services Edge (Ikusi SASE)<\/span><\/li>\n<li><span class=\"dig-1hicw9p1_4-2-0 dig-1hicw9p0_4-2-0 dig-ekabin0_4-2-0 dig-Theme-vis2023 dig-Theme-vis2023--dark dig-Mode--dark In-Theme-Provider\"><strong>Managed Business<\/strong> Communications <\/span><\/li>\n<li><span class=\"dig-1hicw9p1_4-2-0 dig-1hicw9p0_4-2-0 dig-ekabin0_4-2-0 dig-Theme-vis2023 dig-Theme-vis2023--dark dig-Mode--dark In-Theme-Provider\"><strong>Managed Security with XDR<\/strong> (SOC in a Box)<\/span><\/li>\n<li><span class=\"dig-1hicw9p1_4-2-0 dig-1hicw9p0_4-2-0 dig-ekabin0_4-2-0 dig-Theme-vis2023 dig-Theme-vis2023--dark dig-Mode--dark In-Theme-Provider\"><strong>Observability<\/strong> (Ikusi Full Visibility with ThousandEyes)<\/span><\/li>\n<\/ul>\n\n                                    <\/div>\n            <\/div>\n\n            <div class=\"c_right trigger_child animation_group anim_bottom_opacity anim_delay_1\">\n\n                \n                \n                \n                    <div class=\"img_wrapper \">\n                        <div class=\"img_changer_1 animation_group anim_left_opacity anim_delay_1\">\n                            <picture class=\"item_picture\"><source srcset=\"https:\/\/www.ikusi.com\/wp-content\/uploads\/2025\/06\/ikusi-certificacion-cisco-gold-provider-1000x625.jpg.webp\" alt=\"Ikusi Certificaci\u00f3n Cisco Gold Provider\" title=\"Ikusi Certificaci\u00f3n Cisco Gold Provider\" type=\"image\/webp\" ><source srcset=\"https:\/\/www.ikusi.com\/wp-content\/uploads\/2025\/06\/ikusi-certificacion-cisco-gold-provider-1000x625.jpg\" alt=\"Ikusi Certificaci\u00f3n Cisco Gold Provider\" title=\"Ikusi Certificaci\u00f3n Cisco Gold Provider\" ><img decoding=\"async\" width=\"\" height=\"\" src=\"https:\/\/www.ikusi.com\/wp-content\/uploads\/2025\/06\/ikusi-certificacion-cisco-gold-provider-1000x625.jpg\" alt=\"Ikusi Certificaci\u00f3n Cisco Gold Provider\" title=\"Ikusi Certificaci\u00f3n Cisco Gold Provider\"><\/picture>                        <\/div>\n                                            <\/div>\n\n                \n            <\/div>\n\n            \n        <\/div>\n\n    \n<\/section>\n\n\n\n\n<section class=\"floater content_image_text_header_wrapper section_block paralax_parent trigger_parent bg_gris block_frst_item marTop_grande marBot_grande\">\n\n    <!--<div class=\"spacer\" style=\"padding-top:0px\"><\/div>-->\n\n    \n    \n        <div class=\"content_image_text align_leftimg content_image_text_header\">\n\n            <div class=\"c_left\">\n                <div class=\"c_content trigger_child anim_bottom_opacity animation_group\">\n                    <h3>Certificaciones individuales<\/h3>\n<p>La cantidad de certificaciones en ciberseguridadcon la que cuentan los profesionales de Ikusi ponede relieve el alto nivel tecnol\u00f3gico de las personas que trabajan enla compa\u00f1\u00eda y su compromiso con la excelencia.<\/p>\n<p>Pero tambi\u00e9n visibilizan a Ikusi como un proyecto empresarial atractivo, capaz de atraer a profesionales de primer nivel.Los profesionales aportan a Ikusi certificaciones de los principales fabricantes del mercado.<\/p>\n<p><strong>Entre ellas cabe destacar algunas de las m\u00e1s valoradas en el entorno empresarial como la certificaci\u00f3n CCIE de Cisco. Ikusi suma m\u00e1s de 30 de estas certificaciones, una de las m\u00e1s prestigiosas y avanzadas certificaciones del sector.<\/strong><\/p>\n\n                                    <\/div>\n            <\/div>\n\n            <div class=\"c_right trigger_child animation_group anim_bottom_opacity anim_delay_1\">\n\n                \n                \n                \n                    <div class=\"img_wrapper \">\n                        <div class=\"img_changer_1 animation_group anim_left_opacity anim_delay_1\">\n                            <picture class=\"item_picture\"><source srcset=\"https:\/\/www.ikusi.com\/wp-content\/uploads\/2025\/06\/ikusi-certificaciones-individuales-1000x625.jpg.webp\" alt=\"Ikusi Certificaciones Individuales\" title=\"Ikusi Certificaciones Individuales\" type=\"image\/webp\" ><source srcset=\"https:\/\/www.ikusi.com\/wp-content\/uploads\/2025\/06\/ikusi-certificaciones-individuales-1000x625.jpg\" alt=\"Ikusi Certificaciones Individuales\" title=\"Ikusi Certificaciones Individuales\" ><img decoding=\"async\" width=\"\" height=\"\" src=\"https:\/\/www.ikusi.com\/wp-content\/uploads\/2025\/06\/ikusi-certificaciones-individuales-1000x625.jpg\" alt=\"Ikusi Certificaciones Individuales\" title=\"Ikusi Certificaciones Individuales\"><\/picture>                        <\/div>\n                                            <\/div>\n\n                \n            <\/div>\n\n            \n        <\/div>\n\n    \n<\/section>\n\n\n\n\n<section class=\"floater content_image_text_header_wrapper section_block paralax_parent trigger_parent bg_blanco block_frst_item marTop_grande marBot_grande\">\n\n    <!--<div class=\"spacer\" style=\"padding-top:0px\"><\/div>-->\n\n    \n    \n        <div class=\"content_image_text align_rightimg content_image_text_header\">\n\n            <div class=\"c_left\">\n                <div class=\"c_content trigger_child anim_bottom_opacity animation_group\">\n                    <h3>Certificaciones generales<\/h3>\n<p>Cultura de excelencia comprobable con denominaciones y certificaciones.<\/p>\n<p>Ikusi ha sido reconocida por sus esfuerzos en garantizar la calidad y fiabilidad de sus productos y servicios por organismos internacionales. Entre las certificaciones m\u00e1s destacadas obtenidas se encuentran:<\/p>\n<ul style=\"list-style-type: square\">\n<li><strong>ISO 9001<\/strong> Procesos y Calidad<\/li>\n<li><strong>ISO 14001<\/strong> Medio Ambiente<\/li>\n<li><strong>ISO 37001<\/strong> Antisoborno<\/li>\n<li><strong>ISO 45001<\/strong> Seguridad y Salud en el Trabajo<\/li>\n<li><strong>WorldCOB<\/strong> Empresa Socialmente Responsable<\/li>\n<\/ul>\n\n                                    <\/div>\n            <\/div>\n\n            <div class=\"c_right trigger_child animation_group anim_bottom_opacity anim_delay_1\">\n\n                \n                \n                \n                    <div class=\"img_wrapper \">\n                        <div class=\"img_changer_1 animation_group anim_left_opacity anim_delay_1\">\n                            <picture class=\"item_picture\"><source srcset=\"https:\/\/www.ikusi.com\/wp-content\/uploads\/2025\/06\/ikusi-certificaciones-generales-1000x625.jpg.webp\" alt=\"Ikusi Certificaciones Generales\" title=\"Ikusi Certificaciones Generales\" type=\"image\/webp\" ><source srcset=\"https:\/\/www.ikusi.com\/wp-content\/uploads\/2025\/06\/ikusi-certificaciones-generales-1000x625.jpg\" alt=\"Ikusi Certificaciones Generales\" title=\"Ikusi Certificaciones Generales\" ><img decoding=\"async\" width=\"\" height=\"\" src=\"https:\/\/www.ikusi.com\/wp-content\/uploads\/2025\/06\/ikusi-certificaciones-generales-1000x625.jpg\" alt=\"Ikusi Certificaciones Generales\" title=\"Ikusi Certificaciones Generales\"><\/picture>                        <\/div>\n                                            <\/div>\n\n                \n            <\/div>\n\n            \n        <\/div>\n\n    \n<\/section>\n\n\n\n\n<section class=\"floater content_image_text_header_wrapper section_block paralax_parent trigger_parent bg_blanco block_frst_item marTop_chico marBot_grande\">\n\n    <!--<div class=\"spacer\" style=\"padding-top:0px\"><\/div>-->\n\n    \n    \n        <div class=\"content_image_text align_leftimg content_image_text_header\">\n\n            <div class=\"c_left\">\n                <div class=\"c_content trigger_child anim_bottom_opacity animation_group\">\n                    <p>Ikusi tambi\u00e9n se ha posicionado como un referente en el \u00e1mbito de los servicios tecnol\u00f3gicos gracias a sus certificaciones y credenciales. Entre las m\u00e1s relevantes se encuentran:<\/p>\n<ul style=\"list-style-type: square\">\n<li><strong>ISO 20000-1<\/strong> Entrega de Servicios de Tecnolog\u00eda de Informaci\u00f3n<\/li>\n<li><strong>ISO 27001<\/strong> Seguridad de Informaci\u00f3n<\/li>\n<li><strong>ISO 22301<\/strong> Continuidad de Negocio<\/li>\n<li><strong>ICREA IV<\/strong> Centro de Datos Monterrey I<\/li>\n<li><strong>FIRST<\/strong> Ciberseguridad<\/li>\n<li><strong>CERT<\/strong> Ciberseguridad<\/li>\n<li><strong>Certificaci\u00f3n de Data Center<\/strong> por ICREA-Std-131-2023 (2025 \u20132026)<\/li>\n<\/ul>\n\n                                    <\/div>\n            <\/div>\n\n            <div class=\"c_right trigger_child animation_group anim_bottom_opacity anim_delay_1\">\n\n                \n                \n                \n                    <div class=\"img_wrapper \">\n                        <div class=\"img_changer_1 animation_group anim_left_opacity anim_delay_1\">\n                            <picture class=\"item_picture\"><source srcset=\"https:\/\/www.ikusi.com\/wp-content\/uploads\/2025\/06\/ikusi-certificaciones-generales-2-1000x625.jpg.webp\" alt=\"Ikusi Certificaciones Generales 2\" title=\"Ikusi Certificaciones Generales 2\" type=\"image\/webp\" ><source srcset=\"https:\/\/www.ikusi.com\/wp-content\/uploads\/2025\/06\/ikusi-certificaciones-generales-2-1000x625.jpg\" alt=\"Ikusi Certificaciones Generales 2\" title=\"Ikusi Certificaciones Generales 2\" ><img decoding=\"async\" width=\"\" height=\"\" src=\"https:\/\/www.ikusi.com\/wp-content\/uploads\/2025\/06\/ikusi-certificaciones-generales-2-1000x625.jpg\" alt=\"Ikusi Certificaciones Generales 2\" title=\"Ikusi Certificaciones Generales 2\"><\/picture>                        <\/div>\n                                            <\/div>\n\n                \n            <\/div>\n\n            \n        <\/div>\n\n    \n<\/section>\n\n","protected":false},"excerpt":{"rendered":"","protected":false},"author":1,"featured_media":2824,"parent":63,"menu_order":17,"comment_status":"closed","ping_status":"closed","template":"","meta":{"_acf_changed":false,"footnotes":""},"class_list":["post-74","page","type-page","status-publish","has-post-thumbnail","hentry"],"acf":[],"yoast_head":"<!-- This site is optimized with the Yoast SEO plugin v25.9 - https:\/\/yoast.com\/wordpress\/plugins\/seo\/ -->\n<title>Certificaciones - Ikusi<\/title>\n<meta name=\"description\" content=\"Certificaciones de organismos internacionales por los esfuerzos en garantizar la calidad y fiabilidad de nuestros productos y servicios.\" \/>\n<meta name=\"robots\" content=\"index, follow, max-snippet:-1, max-image-preview:large, max-video-preview:-1\" \/>\n<link rel=\"canonical\" href=\"https:\/\/www.ikusi.com\/es\/sobre-ikusi\/certificaciones\/\" \/>\n<meta property=\"og:locale\" content=\"es_ES\" \/>\n<meta property=\"og:type\" content=\"article\" \/>\n<meta property=\"og:title\" content=\"Certificaciones - Ikusi\" \/>\n<meta property=\"og:description\" content=\"Certificaciones de organismos internacionales por los esfuerzos en garantizar la calidad y fiabilidad de nuestros productos y servicios.\" \/>\n<meta property=\"og:url\" content=\"https:\/\/www.ikusi.com\/es\/sobre-ikusi\/certificaciones\/\" \/>\n<meta property=\"og:site_name\" content=\"Ikusi\" \/>\n<meta property=\"article:publisher\" content=\"https:\/\/www.facebook.com\/IkusiVelatia\" \/>\n<meta property=\"article:modified_time\" content=\"2025-08-12T01:38:37+00:00\" \/>\n<meta property=\"og:image\" content=\"https:\/\/www.ikusi.com\/wp-content\/uploads\/2025\/06\/ikusi-certificaciones.jpg\" \/>\n\t<meta property=\"og:image:width\" content=\"1155\" \/>\n\t<meta property=\"og:image:height\" content=\"804\" \/>\n\t<meta property=\"og:image:type\" content=\"image\/jpeg\" \/>\n<meta name=\"twitter:card\" content=\"summary_large_image\" \/>\n<meta name=\"twitter:site\" content=\"@ikusi_espana\" \/>\n<meta name=\"twitter:label1\" content=\"Tiempo de lectura\" \/>\n\t<meta name=\"twitter:data1\" content=\"4 minutos\" \/>\n<script type=\"application\/ld+json\" class=\"yoast-schema-graph\">{\"@context\":\"https:\/\/schema.org\",\"@graph\":[{\"@type\":\"WebPage\",\"@id\":\"https:\/\/www.ikusi.com\/es\/sobre-ikusi\/certificaciones\/\",\"url\":\"https:\/\/www.ikusi.com\/es\/sobre-ikusi\/certificaciones\/\",\"name\":\"Certificaciones - Ikusi\",\"isPartOf\":{\"@id\":\"https:\/\/www.ikusi.com\/es\/#website\"},\"primaryImageOfPage\":{\"@id\":\"https:\/\/www.ikusi.com\/es\/sobre-ikusi\/certificaciones\/#primaryimage\"},\"image\":{\"@id\":\"https:\/\/www.ikusi.com\/es\/sobre-ikusi\/certificaciones\/#primaryimage\"},\"thumbnailUrl\":\"https:\/\/www.ikusi.com\/wp-content\/uploads\/2025\/06\/ikusi-certificaciones.jpg\",\"datePublished\":\"2025-05-14T23:09:24+00:00\",\"dateModified\":\"2025-08-12T01:38:37+00:00\",\"description\":\"Certificaciones de organismos internacionales por los esfuerzos en garantizar la calidad y fiabilidad de nuestros productos y servicios.\",\"breadcrumb\":{\"@id\":\"https:\/\/www.ikusi.com\/es\/sobre-ikusi\/certificaciones\/#breadcrumb\"},\"inLanguage\":\"es\",\"potentialAction\":[{\"@type\":\"ReadAction\",\"target\":[\"https:\/\/www.ikusi.com\/es\/sobre-ikusi\/certificaciones\/\"]}]},{\"@type\":\"ImageObject\",\"inLanguage\":\"es\",\"@id\":\"https:\/\/www.ikusi.com\/es\/sobre-ikusi\/certificaciones\/#primaryimage\",\"url\":\"https:\/\/www.ikusi.com\/wp-content\/uploads\/2025\/06\/ikusi-certificaciones.jpg\",\"contentUrl\":\"https:\/\/www.ikusi.com\/wp-content\/uploads\/2025\/06\/ikusi-certificaciones.jpg\",\"width\":1155,\"height\":804,\"caption\":\"Ikusi Certificaciones\"},{\"@type\":\"BreadcrumbList\",\"@id\":\"https:\/\/www.ikusi.com\/es\/sobre-ikusi\/certificaciones\/#breadcrumb\",\"itemListElement\":[{\"@type\":\"ListItem\",\"position\":1,\"name\":\"Portada\",\"item\":\"https:\/\/www.ikusi.com\/es\/\"},{\"@type\":\"ListItem\",\"position\":2,\"name\":\"Sobre Ikusi\",\"item\":\"https:\/\/www.ikusi.com\/es\/sobre-ikusi\/\"},{\"@type\":\"ListItem\",\"position\":3,\"name\":\"Certificaciones\"}]},{\"@type\":\"WebSite\",\"@id\":\"https:\/\/www.ikusi.com\/es\/#website\",\"url\":\"https:\/\/www.ikusi.com\/es\/\",\"name\":\"Ikusi - Servicios de Digitalizaci\u00f3n y Ciberseguridad\",\"description\":\"\",\"publisher\":{\"@id\":\"https:\/\/www.ikusi.com\/es\/#organization\"},\"potentialAction\":[{\"@type\":\"SearchAction\",\"target\":{\"@type\":\"EntryPoint\",\"urlTemplate\":\"https:\/\/www.ikusi.com\/es\/?s={search_term_string}\"},\"query-input\":{\"@type\":\"PropertyValueSpecification\",\"valueRequired\":true,\"valueName\":\"search_term_string\"}}],\"inLanguage\":\"es\"},{\"@type\":\"Organization\",\"@id\":\"https:\/\/www.ikusi.com\/es\/#organization\",\"name\":\"Ikusi\",\"url\":\"https:\/\/www.ikusi.com\/es\/\",\"logo\":{\"@type\":\"ImageObject\",\"inLanguage\":\"es\",\"@id\":\"https:\/\/www.ikusi.com\/es\/#\/schema\/logo\/image\/\",\"url\":\"https:\/\/www.ikusi.com\/wp-content\/uploads\/2025\/06\/logo-ikusi.svg\",\"contentUrl\":\"https:\/\/www.ikusi.com\/wp-content\/uploads\/2025\/06\/logo-ikusi.svg\",\"width\":1,\"height\":1,\"caption\":\"Ikusi\"},\"image\":{\"@id\":\"https:\/\/www.ikusi.com\/es\/#\/schema\/logo\/image\/\"},\"sameAs\":[\"https:\/\/www.facebook.com\/IkusiVelatia\",\"https:\/\/x.com\/ikusi_espana\",\"https:\/\/www.instagram.com\/ikusi.velatia\/\",\"https:\/\/www.linkedin.com\/company\/ikusi\/\",\"https:\/\/www.youtube.com\/user\/IkusiGroup\"]}]}<\/script>\n<!-- \/ Yoast SEO plugin. -->","yoast_head_json":{"title":"Certificaciones - Ikusi","description":"Certificaciones de organismos internacionales por los esfuerzos en garantizar la calidad y fiabilidad de nuestros productos y servicios.","robots":{"index":"index","follow":"follow","max-snippet":"max-snippet:-1","max-image-preview":"max-image-preview:large","max-video-preview":"max-video-preview:-1"},"canonical":"https:\/\/www.ikusi.com\/es\/sobre-ikusi\/certificaciones\/","og_locale":"es_ES","og_type":"article","og_title":"Certificaciones - Ikusi","og_description":"Certificaciones de organismos internacionales por los esfuerzos en garantizar la calidad y fiabilidad de nuestros productos y servicios.","og_url":"https:\/\/www.ikusi.com\/es\/sobre-ikusi\/certificaciones\/","og_site_name":"Ikusi","article_publisher":"https:\/\/www.facebook.com\/IkusiVelatia","article_modified_time":"2025-08-12T01:38:37+00:00","og_image":[{"width":1155,"height":804,"url":"https:\/\/www.ikusi.com\/wp-content\/uploads\/2025\/06\/ikusi-certificaciones.jpg","type":"image\/jpeg"}],"twitter_card":"summary_large_image","twitter_site":"@ikusi_espana","twitter_misc":{"Tiempo de lectura":"4 minutos"},"schema":{"@context":"https:\/\/schema.org","@graph":[{"@type":"WebPage","@id":"https:\/\/www.ikusi.com\/es\/sobre-ikusi\/certificaciones\/","url":"https:\/\/www.ikusi.com\/es\/sobre-ikusi\/certificaciones\/","name":"Certificaciones - Ikusi","isPartOf":{"@id":"https:\/\/www.ikusi.com\/es\/#website"},"primaryImageOfPage":{"@id":"https:\/\/www.ikusi.com\/es\/sobre-ikusi\/certificaciones\/#primaryimage"},"image":{"@id":"https:\/\/www.ikusi.com\/es\/sobre-ikusi\/certificaciones\/#primaryimage"},"thumbnailUrl":"https:\/\/www.ikusi.com\/wp-content\/uploads\/2025\/06\/ikusi-certificaciones.jpg","datePublished":"2025-05-14T23:09:24+00:00","dateModified":"2025-08-12T01:38:37+00:00","description":"Certificaciones de organismos internacionales por los esfuerzos en garantizar la calidad y fiabilidad de nuestros productos y servicios.","breadcrumb":{"@id":"https:\/\/www.ikusi.com\/es\/sobre-ikusi\/certificaciones\/#breadcrumb"},"inLanguage":"es","potentialAction":[{"@type":"ReadAction","target":["https:\/\/www.ikusi.com\/es\/sobre-ikusi\/certificaciones\/"]}]},{"@type":"ImageObject","inLanguage":"es","@id":"https:\/\/www.ikusi.com\/es\/sobre-ikusi\/certificaciones\/#primaryimage","url":"https:\/\/www.ikusi.com\/wp-content\/uploads\/2025\/06\/ikusi-certificaciones.jpg","contentUrl":"https:\/\/www.ikusi.com\/wp-content\/uploads\/2025\/06\/ikusi-certificaciones.jpg","width":1155,"height":804,"caption":"Ikusi Certificaciones"},{"@type":"BreadcrumbList","@id":"https:\/\/www.ikusi.com\/es\/sobre-ikusi\/certificaciones\/#breadcrumb","itemListElement":[{"@type":"ListItem","position":1,"name":"Portada","item":"https:\/\/www.ikusi.com\/es\/"},{"@type":"ListItem","position":2,"name":"Sobre Ikusi","item":"https:\/\/www.ikusi.com\/es\/sobre-ikusi\/"},{"@type":"ListItem","position":3,"name":"Certificaciones"}]},{"@type":"WebSite","@id":"https:\/\/www.ikusi.com\/es\/#website","url":"https:\/\/www.ikusi.com\/es\/","name":"Ikusi - Servicios de Digitalizaci\u00f3n y Ciberseguridad","description":"","publisher":{"@id":"https:\/\/www.ikusi.com\/es\/#organization"},"potentialAction":[{"@type":"SearchAction","target":{"@type":"EntryPoint","urlTemplate":"https:\/\/www.ikusi.com\/es\/?s={search_term_string}"},"query-input":{"@type":"PropertyValueSpecification","valueRequired":true,"valueName":"search_term_string"}}],"inLanguage":"es"},{"@type":"Organization","@id":"https:\/\/www.ikusi.com\/es\/#organization","name":"Ikusi","url":"https:\/\/www.ikusi.com\/es\/","logo":{"@type":"ImageObject","inLanguage":"es","@id":"https:\/\/www.ikusi.com\/es\/#\/schema\/logo\/image\/","url":"https:\/\/www.ikusi.com\/wp-content\/uploads\/2025\/06\/logo-ikusi.svg","contentUrl":"https:\/\/www.ikusi.com\/wp-content\/uploads\/2025\/06\/logo-ikusi.svg","width":1,"height":1,"caption":"Ikusi"},"image":{"@id":"https:\/\/www.ikusi.com\/es\/#\/schema\/logo\/image\/"},"sameAs":["https:\/\/www.facebook.com\/IkusiVelatia","https:\/\/x.com\/ikusi_espana","https:\/\/www.instagram.com\/ikusi.velatia\/","https:\/\/www.linkedin.com\/company\/ikusi\/","https:\/\/www.youtube.com\/user\/IkusiGroup"]}]}},"_links":{"self":[{"href":"https:\/\/www.ikusi.com\/es\/wp-json\/wp\/v2\/pages\/74","targetHints":{"allow":["GET"]}}],"collection":[{"href":"https:\/\/www.ikusi.com\/es\/wp-json\/wp\/v2\/pages"}],"about":[{"href":"https:\/\/www.ikusi.com\/es\/wp-json\/wp\/v2\/types\/page"}],"author":[{"embeddable":true,"href":"https:\/\/www.ikusi.com\/es\/wp-json\/wp\/v2\/users\/1"}],"replies":[{"embeddable":true,"href":"https:\/\/www.ikusi.com\/es\/wp-json\/wp\/v2\/comments?post=74"}],"version-history":[{"count":19,"href":"https:\/\/www.ikusi.com\/es\/wp-json\/wp\/v2\/pages\/74\/revisions"}],"predecessor-version":[{"id":22606,"href":"https:\/\/www.ikusi.com\/es\/wp-json\/wp\/v2\/pages\/74\/revisions\/22606"}],"up":[{"embeddable":true,"href":"https:\/\/www.ikusi.com\/es\/wp-json\/wp\/v2\/pages\/63"}],"wp:featuredmedia":[{"embeddable":true,"href":"https:\/\/www.ikusi.com\/es\/wp-json\/wp\/v2\/media\/2824"}],"wp:attachment":[{"href":"https:\/\/www.ikusi.com\/es\/wp-json\/wp\/v2\/media?parent=74"}],"curies":[{"name":"wp","href":"https:\/\/api.w.org\/{rel}","templated":true}]}}