{"id":17732,"date":"2025-07-09T21:43:04","date_gmt":"2025-07-09T21:43:04","guid":{"rendered":"https:\/\/www.ikusi.com\/?page_id=17732"},"modified":"2025-08-13T00:49:30","modified_gmt":"2025-08-13T00:49:30","slug":"splunk","status":"publish","type":"page","link":"https:\/\/www.ikusi.com\/mx\/sobre-ikusi\/aliados-tecnologicos\/splunk\/","title":{"rendered":"Splunk"},"content":{"rendered":"\n<section class=\"floater content_image_text_header_wrapper section_block paralax_parent trigger_parent bg_blanco block_frst_item marTop_grande marBot_grande\">\n\n    <!--<div class=\"spacer\" style=\"padding-top:0px\"><\/div>-->\n\n    \n    \n        <div class=\"content_image_text align_leftimg content_image_text_header\">\n\n            <div class=\"c_left\">\n                <div class=\"c_content trigger_child anim_bottom_opacity animation_group\">\n                    <h1>La alianza con Splunk aporta visibilidad a la propuesta de servicios de Ikusi<\/h1>\n<p>Software para buscar, monitorizar y analizar macrodatos generados por aplicaciones, sistemas e infraestructura TI a trav\u00e9s de una interfaz web.<\/p>\n<p>Una herramienta l\u00edder que transforma la gesti\u00f3n de datos y la observabilidad, proporcionando una visibilidad integral de toda la infraestructura de TI a la que se suma el an\u00e1lisis en tiempo real para tomar decisiones informadas r\u00e1pidamente.<\/p>\n<p>\u00a0<\/p>\n\n                                    <\/div>\n            <\/div>\n\n            <div class=\"c_right trigger_child animation_group anim_bottom_opacity anim_delay_1\">\n\n                \n                \n                \n                    <div class=\"img_wrapper \">\n                        <div class=\"img_changer_1 animation_group anim_left_opacity anim_delay_1\">\n                            <picture class=\"item_picture\"><source srcset=\"https:\/\/www.ikusi.com\/wp-content\/uploads\/2025\/06\/ikusi-servicios-observabilidad-1000x665.jpg.webp\" alt=\"Ikusi Servicios Observabilidad\" title=\"Ikusi Servicios Observabilidad\" type=\"image\/webp\" ><source srcset=\"https:\/\/www.ikusi.com\/wp-content\/uploads\/2025\/06\/ikusi-servicios-observabilidad-1000x665.jpg\" alt=\"Ikusi Servicios Observabilidad\" title=\"Ikusi Servicios Observabilidad\" ><img decoding=\"async\" width=\"\" height=\"\" src=\"https:\/\/www.ikusi.com\/wp-content\/uploads\/2025\/06\/ikusi-servicios-observabilidad-1000x665.jpg\" alt=\"Ikusi Servicios Observabilidad\" title=\"Ikusi Servicios Observabilidad\"><\/picture>                        <\/div>\n                                            <\/div>\n\n                \n            <\/div>\n\n            \n        <\/div>\n\n    \n<\/section>\n\n\n\n\n\n<section class=\"floater section_block paralax_parent trigger_parent bg_gris marTop_grande marBot_chico\">\n\n    <div class=\"spacer\" style=\"padding-top:px\"><\/div>\n\n       \n\n    <div class=\"content_lista_enlaces\">\n\n         \n         <div class=\"content-center\">\n\n            <div class=\"c_left\">\n                <div class=\"c_content trigger_child anim_bottom_opacity animation_group\">\n                    <h2>\u00a0<a href=\"https:\/\/www.ikusi.com\/wp-content\/uploads\/2025\/07\/splunk-short.svg\"><img decoding=\"async\" class=\"alignnone wp-image-20212 \" src=\"https:\/\/www.ikusi.com\/wp-content\/uploads\/2025\/07\/splunk-short.svg\" alt=\"\" width=\"174\" height=\"69\"><\/a><\/h2>\n<h2>Sobre Splunk<\/h2>\n<p>Splunk es una empresa l\u00edder en soluciones de seguridad y observabilidad impulsadas por IA, ayudando a las organizaciones a prevenir, recuperarse y adaptarse a cualquier desaf\u00edo con datos unificados, informaci\u00f3n y flujos de trabajo.<\/p>\n                <\/div>\n            <\/div>\n                 \n\n            <div class=\"c_right\">\n\n                <div class=\"c_content marTopMin trigger_child anim_bottom_opacity animation_group anim_delay_1\">\n                    <p><span style=\"font-size: 20px; font-family: DIN Next LT Pro Regular, sans-serif;\">\u00c1reas de colaboraci\u00f3n<\/span><\/p>\n<ul>\n<li>\n<pre><strong><a href=\"https:\/\/www.ikusi.com\/mx\/servicios\/observabilidad\/\">Observabilidad<\/a><\/strong><\/pre>\n<\/li>\n<li>\n<pre><strong><a href=\"https:\/\/www.ikusi.com\/mx\/servicios\/ciberseguridad\/\" target=\"_blank\" rel=\"noopener\">Ciberseguridad<\/a><\/strong><\/pre>\n<\/li>\n<\/ul>\n                <\/div>\n                \n               \n            <\/div>\n\n           \n        <\/div>\n\n    <\/div>\n\n\n<\/section>\n\n\n\n<section class=\"floater section_block paralax_parent trigger_parent bg_blanco marTop_grande marBot_grande\">\n\n    <div class=\"spacer\" style=\"padding-top:px\"><\/div>\n\n    \n    <div class=\"content-center\">\n\n        <div class=\"content_cuadros_contexto\">\n\n            \n                <div class=\"content-center width_med marBottomMed trigger_child anim_bottom_opacity animation_group \">\n                    <h3 style=\"text-align: center;\"><span style=\"font-size: 28px;\">Certificaciones Splunk:<\/span><\/h3>\n                <\/div>\n\n            \n            <div class=\"gird_cuadros_contexto gutter_minSpace grid3 tgrid2 mgrid1 smgrid1 \">\n\n                \n                    <div class=\"box01 item_cuadro_contexto trigger_child anim_bottom_opacity animation_group anim_delay_0 \">\n\n                        \n                        <div class=\"item_title text-start\">\n\n                            \n\n\n                                                            <span class=\"item_inner_title title_2 \">\n                                                                    <\/span>\n                            \n                        <\/div>\n\n                                                <div class=\"item_content\">\n                            <ul>\n<li>Observability Solutions<\/li>\n<\/ul>\n                        <\/div>\n                                          \n                        \n                    <\/div>\n\n                \n            <\/div>\n\n                            \n            \n           \n\n\n\n        <\/div>\n\n\n\n    <\/div>\n\n<\/section>\n\n\n\n\n\n\n<section class=\"floater section_block paralax_parent trigger_parent bg_blanco marTop_ninguno marBot_grande\">\n\n\t<div class=\"spacer\" style=\"padding-top:px\"><\/div>\n\n\t\n\n\t<div class=\"content-center\">\n\n\t\t\n\t\t\t<div class=\"content-center width_med marBottomMin intro_cuadriculaimagenes trigger_child anim_bottom_opacity animation_group\">\n\t\t\t\t<h3 style=\"text-align: center;\">Noticias de alcance<\/h3>\n\t\t\t<\/div>\n\n\t\t\n\t\t<div class=\"content_cuadriculaimagenes\">\n\n\t\t\t<div class=\"gird_cuadricula gutter_minSpace grid3 tgrid2 mgrid1 smgrid1  grid_cuadricula_blog\">\n\n\t\t\t\t\t\n\n\n\n\n\n\t\t\t\t\n\t\t\t\t\t\n\t\t\t\t\t\t\n\t\t\t\t\t\t<div class=\"item_cuadricula item_cuadricula_layout_blog trigger_child anim_bottom_opacity animation_group anim_delay_0\">\n\n\t\t\t\t\t\t\t\t\t\t\t\t\t\t\t<div class=\"item_bg\">\n\n\t\t\t\t\t\t\t\t\t \n\t\t\t\t\t\t\t\t\t<a href=\"https:\/\/www.ikusi.com\/mx\/actualidad\/ikusi-colombia-ofrece-productos-y-software-de-cisco-splunk-nutanix-trend-micro-y-veeam-en-latam-a-traves-del-aws-marketplace\/\">\n\n\t\t\t\t\t\t\t\t\t\t\t\t\t\t\t\t\t\t\t<picture class=\"item_picture\"><source srcset=\"https:\/\/www.ikusi.com\/wp-content\/uploads\/2025\/07\/NP_AWS-1000x562.jpg.webp\" alt=\"\" title=\"NP_AWS-1000&#215;562.jpg\" type=\"image\/webp\" ><source srcset=\"https:\/\/www.ikusi.com\/wp-content\/uploads\/2025\/07\/NP_AWS-1000x562.jpg.webp\" alt=\"\" title=\"NP_AWS-1000&#215;562.jpg\" ><img decoding=\"async\" width=\"\" height=\"\" src=\"https:\/\/www.ikusi.com\/wp-content\/uploads\/2025\/07\/NP_AWS-1000x562.jpg.webp\" alt=\"\" title=\"NP_AWS-1000&#215;562.jpg\"><\/picture>\t\t\t\t\t\t\t\t\t\t\t\t\t\t\t\t\t\t\t<\/a>\n\n\t\t\t\t\t\t\t\t\t\t\t\t\t\t\t\t\t\n\t\t\t\t\t\t\t\t<\/div>\n\n\t\t\t\t\t\t\t\t<div class=\"item_shadow\">\n\t\t\t\t\t\t\t\t\t\n\t\t\t\t\t\t\t\t<\/div>\n\n\t\t\t\t\t\t\t\n\t\t\t\t\t\t\t<div class=\"item_content \">\n\n\t\t\t\t\t\t\t\t\n\t\t\t\t\t\t\t\t<div class=\"item_title\">\n\t\t\t\t\t\t\t\t\tIkusi Colombia ofrece productos y software de Cisco, Splunk, Nutanix, Trend Micro y Veeam en LATAM a trav\u00e9s del AWS Marketplace\t\t\t\t\t\t\t\t<\/div>\n\t\t\t\t\t\t\t\t<div class=\"item_desc\">\n\t\t\t\t\t\t\t\t\tBogot\u00e1, Colombia. 12 de diciembre de 2024. Ikusi, un socio de consultor\u00eda reconocido y de confianza en la industria, ha comunicado su incorporaci\u00f3n al programa AWS Consulting Partner Private Offer (CPPO).\t\t\t\t\t\t\t\t<\/div>\n\n\n\n\t\t\t\t\t\t\t\n\t                        \n\t                            \n\t\t                        \t\t                        \t<a class=\"btn_text\" href=\"https:\/\/www.ikusi.com\/mx\/actualidad\/ikusi-colombia-ofrece-productos-y-software-de-cisco-splunk-nutanix-trend-micro-y-veeam-en-latam-a-traves-del-aws-marketplace\/\" target=\"_self\" title=\"Leer nota\">\n\t\t\t\t                        <span>Leer nota<\/span>\n\t\t\t\t                        <span class=\"material-symbols-outlined\">arrow_forward<\/span>\n\t\t\t\t                    <\/a>\n\n\t\t\t\t                <\/div>\n\n\t\t                        \n\t\t                    \t\t\t\t\t\t<\/div>\n\t\t\t\t\t\n\n\t\t\t\t\t\n\t\t\t\t\t\t\n\t\t\t\t\t\t<div class=\"item_cuadricula item_cuadricula_layout_blog trigger_child anim_bottom_opacity animation_group anim_delay_1\">\n\n\t\t\t\t\t\t\t\t\t\t\t\t\t\t\t<div class=\"item_bg\">\n\n\t\t\t\t\t\t\t\t\t \n\t\t\t\t\t\t\t\t\t<a href=\"https:\/\/www.ikusi.com\/mx\/ikusi-cisco-y-splunk-el-tandem-ganador-en-ciberseguridad-y-eficiencia-de-negocio\/\">\n\n\t\t\t\t\t\t\t\t\t\t\t\t\t\t\t\t\t\t\t<picture class=\"item_picture\"><source srcset=\"https:\/\/www.ikusi.com\/wp-content\/uploads\/2025\/07\/header-ikusi-cisco-splunk-1000x563.jpg.webp\" alt=\"\" title=\"header-ikusi-cisco-splunk-1000&#215;563.jpg\" type=\"image\/webp\" ><source srcset=\"https:\/\/www.ikusi.com\/wp-content\/uploads\/2025\/07\/header-ikusi-cisco-splunk-1000x563.jpg.webp\" alt=\"\" title=\"header-ikusi-cisco-splunk-1000&#215;563.jpg\" ><img decoding=\"async\" width=\"\" height=\"\" src=\"https:\/\/www.ikusi.com\/wp-content\/uploads\/2025\/07\/header-ikusi-cisco-splunk-1000x563.jpg.webp\" alt=\"\" title=\"header-ikusi-cisco-splunk-1000&#215;563.jpg\"><\/picture>\t\t\t\t\t\t\t\t\t\t\t\t\t\t\t\t\t\t\t<\/a>\n\n\t\t\t\t\t\t\t\t\t\t\t\t\t\t\t\t\t\n\t\t\t\t\t\t\t\t<\/div>\n\n\t\t\t\t\t\t\t\t<div class=\"item_shadow\">\n\t\t\t\t\t\t\t\t\t\n\t\t\t\t\t\t\t\t<\/div>\n\n\t\t\t\t\t\t\t\n\t\t\t\t\t\t\t<div class=\"item_content \">\n\n\t\t\t\t\t\t\t\t\n\t\t\t\t\t\t\t\t<div class=\"item_title\">\n\t\t\t\t\t\t\t\t\tIkusi, Cisco y Splunk: el t\u00e1ndem ganador en ciberseguridad y eficiencia de negocio\t\t\t\t\t\t\t\t<\/div>\n\t\t\t\t\t\t\t\t<div class=\"item_desc\">\n\t\t\t\t\t\t\t\t\tIkusi ha sido partner de Splunk durante m\u00e1s de siete a\u00f1os, consolidando una alianza estrat\u00e9gica que ha fortalecido su capacidad para proteger a las empresas contra ciberataques.\t\t\t\t\t\t\t\t<\/div>\n\n\n\n\t\t\t\t\t\t\t\n\t                        \n\t                            \n\t\t                        \t\t                        \t<a class=\"btn_text\" href=\"https:\/\/www.ikusi.com\/mx\/ikusi-cisco-y-splunk-el-tandem-ganador-en-ciberseguridad-y-eficiencia-de-negocio\/\" target=\"_self\" title=\"Leer nota\">\n\t\t\t\t                        <span>Leer nota<\/span>\n\t\t\t\t                        <span class=\"material-symbols-outlined\">arrow_forward<\/span>\n\t\t\t\t                    <\/a>\n\n\t\t\t\t                <\/div>\n\n\t\t                        \n\t\t                    \t\t\t\t\t\t<\/div>\n\t\t\t\t\t\n\n\t\t\t\t\t\n\t\t\t\t\t\t\n\t\t\t\t\t\t<div class=\"item_cuadricula item_cuadricula_layout_blog trigger_child anim_bottom_opacity animation_group anim_delay_2\">\n\n\t\t\t\t\t\t\t\t\t\t\t\t\t\t\t<div class=\"item_bg\">\n\n\t\t\t\t\t\t\t\t\t \n\t\t\t\t\t\t\t\t\t<a href=\"https:\/\/www.ikusi.com\/actualidad\/ikusi-suma-fortalezas-en-observabilidad-con-splunk\/\">\n\n\t\t\t\t\t\t\t\t\t\t\t\t\t\t\t\t\t\t\t<picture class=\"item_picture\"><source srcset=\"https:\/\/www.ikusi.com\/wp-content\/uploads\/2025\/07\/ikusi-splunk-observabilidad.jpg.webp\" alt=\"\" title=\"ikusi-splunk-observabilidad.jpg\" type=\"image\/webp\" ><source srcset=\"https:\/\/www.ikusi.com\/wp-content\/uploads\/2025\/07\/ikusi-splunk-observabilidad.jpg.webp\" alt=\"\" title=\"ikusi-splunk-observabilidad.jpg\" ><img decoding=\"async\" width=\"\" height=\"\" src=\"https:\/\/www.ikusi.com\/wp-content\/uploads\/2025\/07\/ikusi-splunk-observabilidad.jpg.webp\" alt=\"\" title=\"ikusi-splunk-observabilidad.jpg\"><\/picture>\t\t\t\t\t\t\t\t\t\t\t\t\t\t\t\t\t\t\t<\/a>\n\n\t\t\t\t\t\t\t\t\t\t\t\t\t\t\t\t\t\n\t\t\t\t\t\t\t\t<\/div>\n\n\t\t\t\t\t\t\t\t<div class=\"item_shadow\">\n\t\t\t\t\t\t\t\t\t\n\t\t\t\t\t\t\t\t<\/div>\n\n\t\t\t\t\t\t\t\n\t\t\t\t\t\t\t<div class=\"item_content \">\n\n\t\t\t\t\t\t\t\t\n\t\t\t\t\t\t\t\t<div class=\"item_title\">\n\t\t\t\t\t\t\t\t\tIkusi suma fortalezas en observabilidad con Splunk\t\t\t\t\t\t\t\t<\/div>\n\t\t\t\t\t\t\t\t<div class=\"item_desc\">\n\t\t\t\t\t\t\t\t\tContar con una visibilidad integral, de extremo a extremo, es uno de los objetivos de las personas que gestionan las redes empresariales. Una visibilidad integral de toda la infraestructura de TI a la que se suma el an\u00e1lisis en tiempo real para tomar decisiones informadas r\u00e1pidamente.\t\t\t\t\t\t\t\t<\/div>\n\n\n\n\t\t\t\t\t\t\t\n\t                        \n\t                            \n\t\t                        \t\t                        \t<a class=\"btn_text\" href=\"https:\/\/www.ikusi.com\/actualidad\/ikusi-suma-fortalezas-en-observabilidad-con-splunk\/\" target=\"_blank\" title=\"Leer nota\">\n\t\t\t\t                        <span>Leer nota<\/span>\n\t\t\t\t                        <span class=\"material-symbols-outlined\">arrow_forward<\/span>\n\t\t\t\t                    <\/a>\n\n\t\t\t\t                <\/div>\n\n\t\t                        \n\t\t                    \t\t\t\t\t\t<\/div>\n\t\t\t\t\t\n\n\t\t\t\t\t\t\t\t\t\n\t\t\t<\/div>\n\n\t\t\t\n\t\t\t\n\t\t<\/div>\n\t\t\n\t<\/div>\n\n<\/section>","protected":false},"excerpt":{"rendered":"","protected":false},"author":1,"featured_media":844,"parent":12380,"menu_order":0,"comment_status":"closed","ping_status":"closed","template":"","meta":{"_acf_changed":false,"footnotes":""},"class_list":["post-17732","page","type-page","status-publish","has-post-thumbnail","hentry"],"acf":[],"yoast_head":"<!-- This site is optimized with the Yoast SEO plugin v25.9 - https:\/\/yoast.com\/wordpress\/plugins\/seo\/ -->\n<title>Splunk - Ikusi<\/title>\n<meta name=\"description\" content=\"La alianza entre Ikusi y Splunk impulsa la visibilidad y la respuesta r\u00e1pida ante amenazas en entornos tecnol\u00f3gicos complejos.\" \/>\n<meta name=\"robots\" content=\"index, follow, max-snippet:-1, max-image-preview:large, max-video-preview:-1\" \/>\n<link rel=\"canonical\" href=\"https:\/\/www.ikusi.com\/mx\/sobre-ikusi\/aliados-tecnologicos\/splunk\/\" \/>\n<meta property=\"og:locale\" content=\"es_MX\" \/>\n<meta property=\"og:type\" content=\"article\" \/>\n<meta property=\"og:title\" content=\"Splunk - Ikusi\" \/>\n<meta property=\"og:description\" content=\"La alianza entre Ikusi y Splunk impulsa la visibilidad y la respuesta r\u00e1pida ante amenazas en entornos tecnol\u00f3gicos complejos.\" \/>\n<meta property=\"og:url\" content=\"https:\/\/www.ikusi.com\/mx\/sobre-ikusi\/aliados-tecnologicos\/splunk\/\" \/>\n<meta property=\"og:site_name\" content=\"Ikusi\" \/>\n<meta property=\"article:publisher\" content=\"https:\/\/www.facebook.com\/IkusiVelatia\" \/>\n<meta property=\"article:modified_time\" content=\"2025-08-13T00:49:30+00:00\" \/>\n<meta property=\"og:image\" content=\"https:\/\/www.ikusi.com\/wp-content\/uploads\/2025\/06\/ikusi-servicios-observabilidad.jpg\" \/>\n\t<meta property=\"og:image:width\" content=\"1898\" \/>\n\t<meta property=\"og:image:height\" content=\"1262\" \/>\n\t<meta property=\"og:image:type\" content=\"image\/jpeg\" \/>\n<meta name=\"twitter:card\" content=\"summary_large_image\" \/>\n<meta name=\"twitter:site\" content=\"@ikusi_espana\" \/>\n<meta name=\"twitter:label1\" content=\"Tiempo de lectura\" \/>\n\t<meta name=\"twitter:data1\" content=\"3 minutos\" \/>\n<script type=\"application\/ld+json\" class=\"yoast-schema-graph\">{\"@context\":\"https:\/\/schema.org\",\"@graph\":[{\"@type\":\"WebPage\",\"@id\":\"https:\/\/www.ikusi.com\/mx\/sobre-ikusi\/aliados-tecnologicos\/splunk\/\",\"url\":\"https:\/\/www.ikusi.com\/mx\/sobre-ikusi\/aliados-tecnologicos\/splunk\/\",\"name\":\"Splunk - Ikusi\",\"isPartOf\":{\"@id\":\"https:\/\/www.ikusi.com\/mx\/#website\"},\"primaryImageOfPage\":{\"@id\":\"https:\/\/www.ikusi.com\/mx\/sobre-ikusi\/aliados-tecnologicos\/splunk\/#primaryimage\"},\"image\":{\"@id\":\"https:\/\/www.ikusi.com\/mx\/sobre-ikusi\/aliados-tecnologicos\/splunk\/#primaryimage\"},\"thumbnailUrl\":\"https:\/\/www.ikusi.com\/wp-content\/uploads\/2025\/06\/ikusi-servicios-observabilidad.jpg\",\"datePublished\":\"2025-07-09T21:43:04+00:00\",\"dateModified\":\"2025-08-13T00:49:30+00:00\",\"description\":\"La alianza entre Ikusi y Splunk impulsa la visibilidad y la respuesta r\u00e1pida ante amenazas en entornos tecnol\u00f3gicos complejos.\",\"breadcrumb\":{\"@id\":\"https:\/\/www.ikusi.com\/mx\/sobre-ikusi\/aliados-tecnologicos\/splunk\/#breadcrumb\"},\"inLanguage\":\"es\",\"potentialAction\":[{\"@type\":\"ReadAction\",\"target\":[\"https:\/\/www.ikusi.com\/mx\/sobre-ikusi\/aliados-tecnologicos\/splunk\/\"]}]},{\"@type\":\"ImageObject\",\"inLanguage\":\"es\",\"@id\":\"https:\/\/www.ikusi.com\/mx\/sobre-ikusi\/aliados-tecnologicos\/splunk\/#primaryimage\",\"url\":\"https:\/\/www.ikusi.com\/wp-content\/uploads\/2025\/06\/ikusi-servicios-observabilidad.jpg\",\"contentUrl\":\"https:\/\/www.ikusi.com\/wp-content\/uploads\/2025\/06\/ikusi-servicios-observabilidad.jpg\",\"width\":1898,\"height\":1262,\"caption\":\"Ikusi Servicios Observabilidad\"},{\"@type\":\"BreadcrumbList\",\"@id\":\"https:\/\/www.ikusi.com\/mx\/sobre-ikusi\/aliados-tecnologicos\/splunk\/#breadcrumb\",\"itemListElement\":[{\"@type\":\"ListItem\",\"position\":1,\"name\":\"Portada\",\"item\":\"https:\/\/www.ikusi.com\/mx\/\"},{\"@type\":\"ListItem\",\"position\":2,\"name\":\"Sobre Ikusi\",\"item\":\"https:\/\/www.ikusi.com\/mx\/sobre-ikusi\/\"},{\"@type\":\"ListItem\",\"position\":3,\"name\":\"Aliados tecnol\u00f3gicos\",\"item\":\"https:\/\/www.ikusi.com\/mx\/sobre-ikusi\/aliados-tecnologicos\/\"},{\"@type\":\"ListItem\",\"position\":4,\"name\":\"Splunk\"}]},{\"@type\":\"WebSite\",\"@id\":\"https:\/\/www.ikusi.com\/mx\/#website\",\"url\":\"https:\/\/www.ikusi.com\/mx\/\",\"name\":\"Ikusi - Servicios de Digitalizaci\u00f3n y Ciberseguridad\",\"description\":\"\",\"publisher\":{\"@id\":\"https:\/\/www.ikusi.com\/mx\/#organization\"},\"potentialAction\":[{\"@type\":\"SearchAction\",\"target\":{\"@type\":\"EntryPoint\",\"urlTemplate\":\"https:\/\/www.ikusi.com\/mx\/?s={search_term_string}\"},\"query-input\":{\"@type\":\"PropertyValueSpecification\",\"valueRequired\":true,\"valueName\":\"search_term_string\"}}],\"inLanguage\":\"es\"},{\"@type\":\"Organization\",\"@id\":\"https:\/\/www.ikusi.com\/mx\/#organization\",\"name\":\"Ikusi\",\"url\":\"https:\/\/www.ikusi.com\/mx\/\",\"logo\":{\"@type\":\"ImageObject\",\"inLanguage\":\"es\",\"@id\":\"https:\/\/www.ikusi.com\/mx\/#\/schema\/logo\/image\/\",\"url\":\"https:\/\/www.ikusi.com\/wp-content\/uploads\/2025\/06\/logo-ikusi.svg\",\"contentUrl\":\"https:\/\/www.ikusi.com\/wp-content\/uploads\/2025\/06\/logo-ikusi.svg\",\"width\":1,\"height\":1,\"caption\":\"Ikusi\"},\"image\":{\"@id\":\"https:\/\/www.ikusi.com\/mx\/#\/schema\/logo\/image\/\"},\"sameAs\":[\"https:\/\/www.facebook.com\/IkusiVelatia\",\"https:\/\/x.com\/ikusi_espana\",\"https:\/\/www.instagram.com\/ikusi.velatia\/\",\"https:\/\/www.linkedin.com\/company\/ikusi\/\",\"https:\/\/www.youtube.com\/user\/IkusiGroup\"]}]}<\/script>\n<!-- \/ Yoast SEO plugin. -->","yoast_head_json":{"title":"Splunk - Ikusi","description":"La alianza entre Ikusi y Splunk impulsa la visibilidad y la respuesta r\u00e1pida ante amenazas en entornos tecnol\u00f3gicos complejos.","robots":{"index":"index","follow":"follow","max-snippet":"max-snippet:-1","max-image-preview":"max-image-preview:large","max-video-preview":"max-video-preview:-1"},"canonical":"https:\/\/www.ikusi.com\/mx\/sobre-ikusi\/aliados-tecnologicos\/splunk\/","og_locale":"es_MX","og_type":"article","og_title":"Splunk - Ikusi","og_description":"La alianza entre Ikusi y Splunk impulsa la visibilidad y la respuesta r\u00e1pida ante amenazas en entornos tecnol\u00f3gicos complejos.","og_url":"https:\/\/www.ikusi.com\/mx\/sobre-ikusi\/aliados-tecnologicos\/splunk\/","og_site_name":"Ikusi","article_publisher":"https:\/\/www.facebook.com\/IkusiVelatia","article_modified_time":"2025-08-13T00:49:30+00:00","og_image":[{"width":1898,"height":1262,"url":"https:\/\/www.ikusi.com\/wp-content\/uploads\/2025\/06\/ikusi-servicios-observabilidad.jpg","type":"image\/jpeg"}],"twitter_card":"summary_large_image","twitter_site":"@ikusi_espana","twitter_misc":{"Tiempo de lectura":"3 minutos"},"schema":{"@context":"https:\/\/schema.org","@graph":[{"@type":"WebPage","@id":"https:\/\/www.ikusi.com\/mx\/sobre-ikusi\/aliados-tecnologicos\/splunk\/","url":"https:\/\/www.ikusi.com\/mx\/sobre-ikusi\/aliados-tecnologicos\/splunk\/","name":"Splunk - Ikusi","isPartOf":{"@id":"https:\/\/www.ikusi.com\/mx\/#website"},"primaryImageOfPage":{"@id":"https:\/\/www.ikusi.com\/mx\/sobre-ikusi\/aliados-tecnologicos\/splunk\/#primaryimage"},"image":{"@id":"https:\/\/www.ikusi.com\/mx\/sobre-ikusi\/aliados-tecnologicos\/splunk\/#primaryimage"},"thumbnailUrl":"https:\/\/www.ikusi.com\/wp-content\/uploads\/2025\/06\/ikusi-servicios-observabilidad.jpg","datePublished":"2025-07-09T21:43:04+00:00","dateModified":"2025-08-13T00:49:30+00:00","description":"La alianza entre Ikusi y Splunk impulsa la visibilidad y la respuesta r\u00e1pida ante amenazas en entornos tecnol\u00f3gicos complejos.","breadcrumb":{"@id":"https:\/\/www.ikusi.com\/mx\/sobre-ikusi\/aliados-tecnologicos\/splunk\/#breadcrumb"},"inLanguage":"es","potentialAction":[{"@type":"ReadAction","target":["https:\/\/www.ikusi.com\/mx\/sobre-ikusi\/aliados-tecnologicos\/splunk\/"]}]},{"@type":"ImageObject","inLanguage":"es","@id":"https:\/\/www.ikusi.com\/mx\/sobre-ikusi\/aliados-tecnologicos\/splunk\/#primaryimage","url":"https:\/\/www.ikusi.com\/wp-content\/uploads\/2025\/06\/ikusi-servicios-observabilidad.jpg","contentUrl":"https:\/\/www.ikusi.com\/wp-content\/uploads\/2025\/06\/ikusi-servicios-observabilidad.jpg","width":1898,"height":1262,"caption":"Ikusi Servicios Observabilidad"},{"@type":"BreadcrumbList","@id":"https:\/\/www.ikusi.com\/mx\/sobre-ikusi\/aliados-tecnologicos\/splunk\/#breadcrumb","itemListElement":[{"@type":"ListItem","position":1,"name":"Portada","item":"https:\/\/www.ikusi.com\/mx\/"},{"@type":"ListItem","position":2,"name":"Sobre Ikusi","item":"https:\/\/www.ikusi.com\/mx\/sobre-ikusi\/"},{"@type":"ListItem","position":3,"name":"Aliados tecnol\u00f3gicos","item":"https:\/\/www.ikusi.com\/mx\/sobre-ikusi\/aliados-tecnologicos\/"},{"@type":"ListItem","position":4,"name":"Splunk"}]},{"@type":"WebSite","@id":"https:\/\/www.ikusi.com\/mx\/#website","url":"https:\/\/www.ikusi.com\/mx\/","name":"Ikusi - Servicios de Digitalizaci\u00f3n y Ciberseguridad","description":"","publisher":{"@id":"https:\/\/www.ikusi.com\/mx\/#organization"},"potentialAction":[{"@type":"SearchAction","target":{"@type":"EntryPoint","urlTemplate":"https:\/\/www.ikusi.com\/mx\/?s={search_term_string}"},"query-input":{"@type":"PropertyValueSpecification","valueRequired":true,"valueName":"search_term_string"}}],"inLanguage":"es"},{"@type":"Organization","@id":"https:\/\/www.ikusi.com\/mx\/#organization","name":"Ikusi","url":"https:\/\/www.ikusi.com\/mx\/","logo":{"@type":"ImageObject","inLanguage":"es","@id":"https:\/\/www.ikusi.com\/mx\/#\/schema\/logo\/image\/","url":"https:\/\/www.ikusi.com\/wp-content\/uploads\/2025\/06\/logo-ikusi.svg","contentUrl":"https:\/\/www.ikusi.com\/wp-content\/uploads\/2025\/06\/logo-ikusi.svg","width":1,"height":1,"caption":"Ikusi"},"image":{"@id":"https:\/\/www.ikusi.com\/mx\/#\/schema\/logo\/image\/"},"sameAs":["https:\/\/www.facebook.com\/IkusiVelatia","https:\/\/x.com\/ikusi_espana","https:\/\/www.instagram.com\/ikusi.velatia\/","https:\/\/www.linkedin.com\/company\/ikusi\/","https:\/\/www.youtube.com\/user\/IkusiGroup"]}]}},"_links":{"self":[{"href":"https:\/\/www.ikusi.com\/mx\/wp-json\/wp\/v2\/pages\/17732","targetHints":{"allow":["GET"]}}],"collection":[{"href":"https:\/\/www.ikusi.com\/mx\/wp-json\/wp\/v2\/pages"}],"about":[{"href":"https:\/\/www.ikusi.com\/mx\/wp-json\/wp\/v2\/types\/page"}],"author":[{"embeddable":true,"href":"https:\/\/www.ikusi.com\/mx\/wp-json\/wp\/v2\/users\/1"}],"replies":[{"embeddable":true,"href":"https:\/\/www.ikusi.com\/mx\/wp-json\/wp\/v2\/comments?post=17732"}],"version-history":[{"count":5,"href":"https:\/\/www.ikusi.com\/mx\/wp-json\/wp\/v2\/pages\/17732\/revisions"}],"predecessor-version":[{"id":21147,"href":"https:\/\/www.ikusi.com\/mx\/wp-json\/wp\/v2\/pages\/17732\/revisions\/21147"}],"up":[{"embeddable":true,"href":"https:\/\/www.ikusi.com\/mx\/wp-json\/wp\/v2\/pages\/12380"}],"wp:featuredmedia":[{"embeddable":true,"href":"https:\/\/www.ikusi.com\/mx\/wp-json\/wp\/v2\/media\/844"}],"wp:attachment":[{"href":"https:\/\/www.ikusi.com\/mx\/wp-json\/wp\/v2\/media?parent=17732"}],"curies":[{"name":"wp","href":"https:\/\/api.w.org\/{rel}","templated":true}]}}