{"id":17748,"date":"2025-07-09T21:48:39","date_gmt":"2025-07-09T21:48:39","guid":{"rendered":"https:\/\/www.ikusi.com\/?page_id=17748"},"modified":"2025-08-13T00:48:45","modified_gmt":"2025-08-13T00:48:45","slug":"tenable","status":"publish","type":"page","link":"https:\/\/www.ikusi.com\/mx\/sobre-ikusi\/aliados-tecnologicos\/tanable\/","title":{"rendered":"Tenable"},"content":{"rendered":"\n<section class=\"floater content_image_text_header_wrapper section_block paralax_parent trigger_parent bg_blanco block_frst_item marTop_grande marBot_grande\">\n\n    <!--<div class=\"spacer\" style=\"padding-top:0px\"><\/div>-->\n\n    \n    \n        <div class=\"content_image_text align_leftimg content_image_text_header\">\n\n            <div class=\"c_left\">\n                <div class=\"c_content trigger_child anim_bottom_opacity animation_group\">\n                    <h1>Alianza entre Ikusi y Tenable<\/h1>\n<p>La alianza entre Ikusi y Tenable proporciona varios beneficios clave, entre los que cabe destacar la mejora de la seguridad para proteger sistemas y datos; una gesti\u00f3n simplificada y eficiente, consolidando herramientas y procesos en una \u00fanica soluci\u00f3n y reducci\u00f3n de costos operativos asociados con la protecci\u00f3n de sus infraestructuras.<\/p>\n\n                                    <\/div>\n            <\/div>\n\n            <div class=\"c_right trigger_child animation_group anim_bottom_opacity anim_delay_1\">\n\n                \n                \n                \n                    <div class=\"img_wrapper \">\n                        <div class=\"img_changer_1 animation_group anim_left_opacity anim_delay_1\">\n                            <picture class=\"item_picture\"><source srcset=\"https:\/\/www.ikusi.com\/wp-content\/uploads\/2025\/06\/ciberseguridad-1000x667.jpg.webp\" alt=\"Ikusi Ciberseguridad Tenable\" title=\"Ikusi Ciberseguridad Tenable\" type=\"image\/webp\" ><source srcset=\"https:\/\/www.ikusi.com\/wp-content\/uploads\/2025\/06\/ciberseguridad-1000x667.jpg\" alt=\"Ikusi Ciberseguridad Tenable\" title=\"Ikusi Ciberseguridad Tenable\" ><img decoding=\"async\" width=\"\" height=\"\" src=\"https:\/\/www.ikusi.com\/wp-content\/uploads\/2025\/06\/ciberseguridad-1000x667.jpg\" alt=\"Ikusi Ciberseguridad Tenable\" title=\"Ikusi Ciberseguridad Tenable\"><\/picture>                        <\/div>\n                                            <\/div>\n\n                \n            <\/div>\n\n            \n        <\/div>\n\n    \n<\/section>\n\n\n\n\n\n<section class=\"floater section_block paralax_parent trigger_parent bg_gris marTop_grande marBot_chico\">\n\n    <div class=\"spacer\" style=\"padding-top:px\"><\/div>\n\n       \n\n    <div class=\"content_lista_enlaces\">\n\n         \n         <div class=\"content-center\">\n\n            <div class=\"c_left\">\n                <div class=\"c_content trigger_child anim_bottom_opacity animation_group\">\n                    <h2>\u00a0<a href=\"https:\/\/www.ikusi.com\/wp-content\/uploads\/2025\/07\/tenable-logo-short.svg\"><img decoding=\"async\" class=\"alignnone  wp-image-17749\" src=\"https:\/\/www.ikusi.com\/wp-content\/uploads\/2025\/07\/tenable-logo-short.svg\" alt=\"\" width=\"215\" height=\"48\"><\/a><\/h2>\n<h2>Sobre Tenable<\/h2>\n<p>Tenable es una empresa destacada en la gesti\u00f3n de vulnerabilidades y ciberseguridad, proporcionando visibilidad integral, priorizaci\u00f3n y soluciones para mitigar riesgos cibern\u00e9ticos en entornos de nube y locales<\/p>\n                <\/div>\n            <\/div>\n                 \n\n            <div class=\"c_right\">\n\n                <div class=\"c_content marTopMin trigger_child anim_bottom_opacity animation_group anim_delay_1\">\n                    <p><span style=\"font-size: 20px; font-family: DIN Next LT Pro Regular, sans-serif;\">\u00c1reas de colaboraci\u00f3n<\/span><\/p>\n<ul>\n<li><a href=\"https:\/\/www.ikusi.com\/mx\/servicios\/ciberseguridad\/\" target=\"_blank\" rel=\"noopener\">Ciberseguridad<\/a><\/li>\n<\/ul>\n                <\/div>\n                \n               \n            <\/div>\n\n           \n        <\/div>\n\n    <\/div>\n\n\n<\/section>\n\n\n\n<section class=\"floater section_block paralax_parent trigger_parent bg_blanco marTop_grande marBot_grande\">\n\n    <div class=\"spacer\" style=\"padding-top:px\"><\/div>\n\n    \n    <div class=\"content-center\">\n\n        <div class=\"content_cuadros_contexto\">\n\n            \n                <div class=\"content-center width_med marBottomMed trigger_child anim_bottom_opacity animation_group \">\n                    <h3 style=\"text-align: center;\"><span style=\"font-size: 28px;\">Certificaciones Tenable:<\/span><\/h3>\n                <\/div>\n\n            \n            <div class=\"gird_cuadros_contexto gutter_minSpace grid3 tgrid2 mgrid1 smgrid1 \">\n\n                \n                    <div class=\"box01 item_cuadro_contexto trigger_child anim_bottom_opacity animation_group anim_delay_0 \">\n\n                        \n                        <div class=\"item_title text-start\">\n\n                            \n\n\n                                                            <span class=\"item_inner_title title_2 \">\n                                                                    <\/span>\n                            \n                        <\/div>\n\n                                                <div class=\"item_content\">\n                            <ul>\n<li>Tenable Gold<\/li>\n<\/ul>\n                        <\/div>\n                                          \n                        \n                    <\/div>\n\n                \n            <\/div>\n\n                            \n            \n           \n\n\n\n        <\/div>\n\n\n\n    <\/div>\n\n<\/section>\n\n\n","protected":false},"excerpt":{"rendered":"","protected":false},"author":1,"featured_media":15930,"parent":12380,"menu_order":0,"comment_status":"closed","ping_status":"closed","template":"","meta":{"_acf_changed":false,"footnotes":""},"class_list":["post-17748","page","type-page","status-publish","has-post-thumbnail","hentry"],"acf":[],"yoast_head":"<!-- This site is optimized with the Yoast SEO plugin v25.9 - https:\/\/yoast.com\/wordpress\/plugins\/seo\/ -->\n<title>Tenable - Ikusi<\/title>\n<meta name=\"description\" content=\"Ikusi y Tenable se unen para ofrecer soluciones avanzadas de gesti\u00f3n de vulnerabilidades y fortalecer la ciberseguridad en las organizaciones.\" \/>\n<meta name=\"robots\" content=\"index, follow, max-snippet:-1, max-image-preview:large, max-video-preview:-1\" \/>\n<link rel=\"canonical\" href=\"https:\/\/www.ikusi.com\/mx\/sobre-ikusi\/aliados-tecnologicos\/tanable\/\" \/>\n<meta property=\"og:locale\" content=\"es_MX\" \/>\n<meta property=\"og:type\" content=\"article\" \/>\n<meta property=\"og:title\" content=\"Tenable - Ikusi\" \/>\n<meta property=\"og:description\" content=\"Ikusi y Tenable se unen para ofrecer soluciones avanzadas de gesti\u00f3n de vulnerabilidades y fortalecer la ciberseguridad en las organizaciones.\" \/>\n<meta property=\"og:url\" content=\"https:\/\/www.ikusi.com\/mx\/sobre-ikusi\/aliados-tecnologicos\/tanable\/\" \/>\n<meta property=\"og:site_name\" content=\"Ikusi\" \/>\n<meta property=\"article:publisher\" content=\"https:\/\/www.facebook.com\/IkusiVelatia\" \/>\n<meta property=\"article:modified_time\" content=\"2025-08-13T00:48:45+00:00\" \/>\n<meta property=\"og:image\" content=\"https:\/\/www.ikusi.com\/wp-content\/uploads\/2025\/06\/ciberseguridad.jpg\" \/>\n\t<meta property=\"og:image:width\" content=\"1500\" \/>\n\t<meta property=\"og:image:height\" content=\"1000\" \/>\n\t<meta property=\"og:image:type\" content=\"image\/jpeg\" \/>\n<meta name=\"twitter:card\" content=\"summary_large_image\" \/>\n<meta name=\"twitter:site\" content=\"@ikusi_espana\" \/>\n<meta name=\"twitter:label1\" content=\"Tiempo de lectura\" \/>\n\t<meta name=\"twitter:data1\" content=\"2 minutos\" \/>\n<script type=\"application\/ld+json\" class=\"yoast-schema-graph\">{\"@context\":\"https:\/\/schema.org\",\"@graph\":[{\"@type\":\"WebPage\",\"@id\":\"https:\/\/www.ikusi.com\/mx\/sobre-ikusi\/aliados-tecnologicos\/tanable\/\",\"url\":\"https:\/\/www.ikusi.com\/mx\/sobre-ikusi\/aliados-tecnologicos\/tanable\/\",\"name\":\"Tenable - Ikusi\",\"isPartOf\":{\"@id\":\"https:\/\/www.ikusi.com\/mx\/#website\"},\"primaryImageOfPage\":{\"@id\":\"https:\/\/www.ikusi.com\/mx\/sobre-ikusi\/aliados-tecnologicos\/tanable\/#primaryimage\"},\"image\":{\"@id\":\"https:\/\/www.ikusi.com\/mx\/sobre-ikusi\/aliados-tecnologicos\/tanable\/#primaryimage\"},\"thumbnailUrl\":\"https:\/\/www.ikusi.com\/wp-content\/uploads\/2025\/06\/ciberseguridad.jpg\",\"datePublished\":\"2025-07-09T21:48:39+00:00\",\"dateModified\":\"2025-08-13T00:48:45+00:00\",\"description\":\"Ikusi y Tenable se unen para ofrecer soluciones avanzadas de gesti\u00f3n de vulnerabilidades y fortalecer la ciberseguridad en las organizaciones.\",\"breadcrumb\":{\"@id\":\"https:\/\/www.ikusi.com\/mx\/sobre-ikusi\/aliados-tecnologicos\/tanable\/#breadcrumb\"},\"inLanguage\":\"es\",\"potentialAction\":[{\"@type\":\"ReadAction\",\"target\":[\"https:\/\/www.ikusi.com\/mx\/sobre-ikusi\/aliados-tecnologicos\/tanable\/\"]}]},{\"@type\":\"ImageObject\",\"inLanguage\":\"es\",\"@id\":\"https:\/\/www.ikusi.com\/mx\/sobre-ikusi\/aliados-tecnologicos\/tanable\/#primaryimage\",\"url\":\"https:\/\/www.ikusi.com\/wp-content\/uploads\/2025\/06\/ciberseguridad.jpg\",\"contentUrl\":\"https:\/\/www.ikusi.com\/wp-content\/uploads\/2025\/06\/ciberseguridad.jpg\",\"width\":1500,\"height\":1000,\"caption\":\"Ikusi Ciberseguridad Tenable\"},{\"@type\":\"BreadcrumbList\",\"@id\":\"https:\/\/www.ikusi.com\/mx\/sobre-ikusi\/aliados-tecnologicos\/tanable\/#breadcrumb\",\"itemListElement\":[{\"@type\":\"ListItem\",\"position\":1,\"name\":\"Portada\",\"item\":\"https:\/\/www.ikusi.com\/mx\/\"},{\"@type\":\"ListItem\",\"position\":2,\"name\":\"Sobre Ikusi\",\"item\":\"https:\/\/www.ikusi.com\/mx\/sobre-ikusi\/\"},{\"@type\":\"ListItem\",\"position\":3,\"name\":\"Aliados tecnol\u00f3gicos\",\"item\":\"https:\/\/www.ikusi.com\/mx\/sobre-ikusi\/aliados-tecnologicos\/\"},{\"@type\":\"ListItem\",\"position\":4,\"name\":\"Tenable\"}]},{\"@type\":\"WebSite\",\"@id\":\"https:\/\/www.ikusi.com\/mx\/#website\",\"url\":\"https:\/\/www.ikusi.com\/mx\/\",\"name\":\"Ikusi - Servicios de Digitalizaci\u00f3n y Ciberseguridad\",\"description\":\"\",\"publisher\":{\"@id\":\"https:\/\/www.ikusi.com\/mx\/#organization\"},\"potentialAction\":[{\"@type\":\"SearchAction\",\"target\":{\"@type\":\"EntryPoint\",\"urlTemplate\":\"https:\/\/www.ikusi.com\/mx\/?s={search_term_string}\"},\"query-input\":{\"@type\":\"PropertyValueSpecification\",\"valueRequired\":true,\"valueName\":\"search_term_string\"}}],\"inLanguage\":\"es\"},{\"@type\":\"Organization\",\"@id\":\"https:\/\/www.ikusi.com\/mx\/#organization\",\"name\":\"Ikusi\",\"url\":\"https:\/\/www.ikusi.com\/mx\/\",\"logo\":{\"@type\":\"ImageObject\",\"inLanguage\":\"es\",\"@id\":\"https:\/\/www.ikusi.com\/mx\/#\/schema\/logo\/image\/\",\"url\":\"https:\/\/www.ikusi.com\/wp-content\/uploads\/2025\/06\/logo-ikusi.svg\",\"contentUrl\":\"https:\/\/www.ikusi.com\/wp-content\/uploads\/2025\/06\/logo-ikusi.svg\",\"width\":1,\"height\":1,\"caption\":\"Ikusi\"},\"image\":{\"@id\":\"https:\/\/www.ikusi.com\/mx\/#\/schema\/logo\/image\/\"},\"sameAs\":[\"https:\/\/www.facebook.com\/IkusiVelatia\",\"https:\/\/x.com\/ikusi_espana\",\"https:\/\/www.instagram.com\/ikusi.velatia\/\",\"https:\/\/www.linkedin.com\/company\/ikusi\/\",\"https:\/\/www.youtube.com\/user\/IkusiGroup\"]}]}<\/script>\n<!-- \/ Yoast SEO plugin. -->","yoast_head_json":{"title":"Tenable - Ikusi","description":"Ikusi y Tenable se unen para ofrecer soluciones avanzadas de gesti\u00f3n de vulnerabilidades y fortalecer la ciberseguridad en las organizaciones.","robots":{"index":"index","follow":"follow","max-snippet":"max-snippet:-1","max-image-preview":"max-image-preview:large","max-video-preview":"max-video-preview:-1"},"canonical":"https:\/\/www.ikusi.com\/mx\/sobre-ikusi\/aliados-tecnologicos\/tanable\/","og_locale":"es_MX","og_type":"article","og_title":"Tenable - Ikusi","og_description":"Ikusi y Tenable se unen para ofrecer soluciones avanzadas de gesti\u00f3n de vulnerabilidades y fortalecer la ciberseguridad en las organizaciones.","og_url":"https:\/\/www.ikusi.com\/mx\/sobre-ikusi\/aliados-tecnologicos\/tanable\/","og_site_name":"Ikusi","article_publisher":"https:\/\/www.facebook.com\/IkusiVelatia","article_modified_time":"2025-08-13T00:48:45+00:00","og_image":[{"width":1500,"height":1000,"url":"https:\/\/www.ikusi.com\/wp-content\/uploads\/2025\/06\/ciberseguridad.jpg","type":"image\/jpeg"}],"twitter_card":"summary_large_image","twitter_site":"@ikusi_espana","twitter_misc":{"Tiempo de lectura":"2 minutos"},"schema":{"@context":"https:\/\/schema.org","@graph":[{"@type":"WebPage","@id":"https:\/\/www.ikusi.com\/mx\/sobre-ikusi\/aliados-tecnologicos\/tanable\/","url":"https:\/\/www.ikusi.com\/mx\/sobre-ikusi\/aliados-tecnologicos\/tanable\/","name":"Tenable - Ikusi","isPartOf":{"@id":"https:\/\/www.ikusi.com\/mx\/#website"},"primaryImageOfPage":{"@id":"https:\/\/www.ikusi.com\/mx\/sobre-ikusi\/aliados-tecnologicos\/tanable\/#primaryimage"},"image":{"@id":"https:\/\/www.ikusi.com\/mx\/sobre-ikusi\/aliados-tecnologicos\/tanable\/#primaryimage"},"thumbnailUrl":"https:\/\/www.ikusi.com\/wp-content\/uploads\/2025\/06\/ciberseguridad.jpg","datePublished":"2025-07-09T21:48:39+00:00","dateModified":"2025-08-13T00:48:45+00:00","description":"Ikusi y Tenable se unen para ofrecer soluciones avanzadas de gesti\u00f3n de vulnerabilidades y fortalecer la ciberseguridad en las organizaciones.","breadcrumb":{"@id":"https:\/\/www.ikusi.com\/mx\/sobre-ikusi\/aliados-tecnologicos\/tanable\/#breadcrumb"},"inLanguage":"es","potentialAction":[{"@type":"ReadAction","target":["https:\/\/www.ikusi.com\/mx\/sobre-ikusi\/aliados-tecnologicos\/tanable\/"]}]},{"@type":"ImageObject","inLanguage":"es","@id":"https:\/\/www.ikusi.com\/mx\/sobre-ikusi\/aliados-tecnologicos\/tanable\/#primaryimage","url":"https:\/\/www.ikusi.com\/wp-content\/uploads\/2025\/06\/ciberseguridad.jpg","contentUrl":"https:\/\/www.ikusi.com\/wp-content\/uploads\/2025\/06\/ciberseguridad.jpg","width":1500,"height":1000,"caption":"Ikusi Ciberseguridad Tenable"},{"@type":"BreadcrumbList","@id":"https:\/\/www.ikusi.com\/mx\/sobre-ikusi\/aliados-tecnologicos\/tanable\/#breadcrumb","itemListElement":[{"@type":"ListItem","position":1,"name":"Portada","item":"https:\/\/www.ikusi.com\/mx\/"},{"@type":"ListItem","position":2,"name":"Sobre Ikusi","item":"https:\/\/www.ikusi.com\/mx\/sobre-ikusi\/"},{"@type":"ListItem","position":3,"name":"Aliados tecnol\u00f3gicos","item":"https:\/\/www.ikusi.com\/mx\/sobre-ikusi\/aliados-tecnologicos\/"},{"@type":"ListItem","position":4,"name":"Tenable"}]},{"@type":"WebSite","@id":"https:\/\/www.ikusi.com\/mx\/#website","url":"https:\/\/www.ikusi.com\/mx\/","name":"Ikusi - Servicios de Digitalizaci\u00f3n y Ciberseguridad","description":"","publisher":{"@id":"https:\/\/www.ikusi.com\/mx\/#organization"},"potentialAction":[{"@type":"SearchAction","target":{"@type":"EntryPoint","urlTemplate":"https:\/\/www.ikusi.com\/mx\/?s={search_term_string}"},"query-input":{"@type":"PropertyValueSpecification","valueRequired":true,"valueName":"search_term_string"}}],"inLanguage":"es"},{"@type":"Organization","@id":"https:\/\/www.ikusi.com\/mx\/#organization","name":"Ikusi","url":"https:\/\/www.ikusi.com\/mx\/","logo":{"@type":"ImageObject","inLanguage":"es","@id":"https:\/\/www.ikusi.com\/mx\/#\/schema\/logo\/image\/","url":"https:\/\/www.ikusi.com\/wp-content\/uploads\/2025\/06\/logo-ikusi.svg","contentUrl":"https:\/\/www.ikusi.com\/wp-content\/uploads\/2025\/06\/logo-ikusi.svg","width":1,"height":1,"caption":"Ikusi"},"image":{"@id":"https:\/\/www.ikusi.com\/mx\/#\/schema\/logo\/image\/"},"sameAs":["https:\/\/www.facebook.com\/IkusiVelatia","https:\/\/x.com\/ikusi_espana","https:\/\/www.instagram.com\/ikusi.velatia\/","https:\/\/www.linkedin.com\/company\/ikusi\/","https:\/\/www.youtube.com\/user\/IkusiGroup"]}]}},"_links":{"self":[{"href":"https:\/\/www.ikusi.com\/mx\/wp-json\/wp\/v2\/pages\/17748","targetHints":{"allow":["GET"]}}],"collection":[{"href":"https:\/\/www.ikusi.com\/mx\/wp-json\/wp\/v2\/pages"}],"about":[{"href":"https:\/\/www.ikusi.com\/mx\/wp-json\/wp\/v2\/types\/page"}],"author":[{"embeddable":true,"href":"https:\/\/www.ikusi.com\/mx\/wp-json\/wp\/v2\/users\/1"}],"replies":[{"embeddable":true,"href":"https:\/\/www.ikusi.com\/mx\/wp-json\/wp\/v2\/comments?post=17748"}],"version-history":[{"count":5,"href":"https:\/\/www.ikusi.com\/mx\/wp-json\/wp\/v2\/pages\/17748\/revisions"}],"predecessor-version":[{"id":22035,"href":"https:\/\/www.ikusi.com\/mx\/wp-json\/wp\/v2\/pages\/17748\/revisions\/22035"}],"up":[{"embeddable":true,"href":"https:\/\/www.ikusi.com\/mx\/wp-json\/wp\/v2\/pages\/12380"}],"wp:featuredmedia":[{"embeddable":true,"href":"https:\/\/www.ikusi.com\/mx\/wp-json\/wp\/v2\/media\/15930"}],"wp:attachment":[{"href":"https:\/\/www.ikusi.com\/mx\/wp-json\/wp\/v2\/media?parent=17748"}],"curies":[{"name":"wp","href":"https:\/\/api.w.org\/{rel}","templated":true}]}}