{"id":17755,"date":"2025-07-09T22:00:57","date_gmt":"2025-07-09T22:00:57","guid":{"rendered":"https:\/\/www.ikusi.com\/?page_id=17755"},"modified":"2025-08-13T00:47:47","modified_gmt":"2025-08-13T00:47:47","slug":"juniper","status":"publish","type":"page","link":"https:\/\/www.ikusi.com\/mx\/sobre-ikusi\/aliados-tecnologicos\/juniper\/","title":{"rendered":"Juniper"},"content":{"rendered":"\n<section class=\"floater content_image_text_header_wrapper section_block paralax_parent trigger_parent bg_blanco block_frst_item marTop_grande marBot_grande\">\n\n    <!--<div class=\"spacer\" style=\"padding-top:0px\"><\/div>-->\n\n    \n    \n        <div class=\"content_image_text align_leftimg content_image_text_header\">\n\n            <div class=\"c_left\">\n                <div class=\"c_content trigger_child anim_bottom_opacity animation_group\">\n                    <h1>Alianza entre Ikusi y Juniper<\/h1>\n<p>Ikusi wifi IA es la soluci\u00f3n de servicio administrado para redes wifi con inteligencia Artificial, un servicio que integra la infraestructura de conectividad wifi del cliente todo bajo una plataforma de orquestaci\u00f3n, dentro de un ecosistema de alta disponibilidad gestionado con IA. Ikusi wifi IA es provisto por el centro de operaciones de Ikusi, bajo la plataforma de gesti\u00f3n y orquestaci\u00f3n JUNIPER MIST que reside en la nube.<\/p>\n\n                                    <\/div>\n            <\/div>\n\n            <div class=\"c_right trigger_child animation_group anim_bottom_opacity anim_delay_1\">\n\n                \n                \n                \n                    <div class=\"img_wrapper \">\n                        <div class=\"img_changer_1 animation_group anim_left_opacity anim_delay_1\">\n                            <picture class=\"item_picture\"><source srcset=\"https:\/\/www.ikusi.com\/wp-content\/uploads\/2025\/07\/ikusi-inteligencia-artificial-1000x562.jpg.webp\" alt=\"Ikusi Inteligencia Artificial\" title=\"Ikusi Inteligencia Artificial\" type=\"image\/webp\" ><source srcset=\"https:\/\/www.ikusi.com\/wp-content\/uploads\/2025\/07\/ikusi-inteligencia-artificial-1000x562.jpg\" alt=\"Ikusi Inteligencia Artificial\" title=\"Ikusi Inteligencia Artificial\" ><img decoding=\"async\" width=\"\" height=\"\" src=\"https:\/\/www.ikusi.com\/wp-content\/uploads\/2025\/07\/ikusi-inteligencia-artificial-1000x562.jpg\" alt=\"Ikusi Inteligencia Artificial\" title=\"Ikusi Inteligencia Artificial\"><\/picture>                        <\/div>\n                                            <\/div>\n\n                \n            <\/div>\n\n            \n        <\/div>\n\n    \n<\/section>\n\n\n\n\n\n<section class=\"floater section_block paralax_parent trigger_parent bg_gris marTop_grande marBot_chico\">\n\n    <div class=\"spacer\" style=\"padding-top:px\"><\/div>\n\n       \n\n    <div class=\"content_lista_enlaces\">\n\n         \n         <div class=\"content-center\">\n\n            <div class=\"c_left\">\n                <div class=\"c_content trigger_child anim_bottom_opacity animation_group\">\n                    <h2>\u00a0<a href=\"https:\/\/www.ikusi.com\/wp-content\/uploads\/2025\/07\/juniper-logo-short.svg\"><img decoding=\"async\" class=\"alignnone  wp-image-17756\" src=\"https:\/\/www.ikusi.com\/wp-content\/uploads\/2025\/07\/juniper-logo-short.svg\" alt=\"\" width=\"168\" height=\"46\"><\/a><\/h2>\n<h2>Sobre Juniper<\/h2>\n<p>Juniper Networks es una compa\u00f1\u00eda global que se especializa en la fabricaci\u00f3n de hardware para redes. Su enfoque principal est\u00e1 en el desarrollo de soluciones de redes seguras que abarcan desde peque\u00f1as empresas hasta grandes corporaciones y proveedores de servicios.<\/p>\n                <\/div>\n            <\/div>\n                 \n\n            <div class=\"c_right\">\n\n                <div class=\"c_content marTopMin trigger_child anim_bottom_opacity animation_group anim_delay_1\">\n                    <p><span style=\"font-size: 20px; font-family: DIN Next LT Pro Regular, sans-serif;\">\u00c1reas de colaboraci\u00f3n<\/span><\/p>\n<ul>\n<li><a href=\"https:\/\/www.ikusi.com\/mx\/servicios\/redes-empresariales\/\" target=\"_blank\" rel=\"noopener\">Enterprise Networking<\/a><\/li>\n<\/ul>\n                <\/div>\n                \n               \n            <\/div>\n\n           \n        <\/div>\n\n    <\/div>\n\n\n<\/section>\n\n\n\n<section class=\"floater section_block paralax_parent trigger_parent bg_blanco marTop_grande marBot_grande\">\n\n    <div class=\"spacer\" style=\"padding-top:px\"><\/div>\n\n    \n    <div class=\"content-center\">\n\n        <div class=\"content_cuadros_contexto\">\n\n            \n                <div class=\"content-center width_med marBottomMed trigger_child anim_bottom_opacity animation_group \">\n                    <h3 style=\"text-align: center;\"><span style=\"font-size: 28px;\">Certificaciones Juniper:<\/span><\/h3>\n                <\/div>\n\n            \n            <div class=\"gird_cuadros_contexto gutter_minSpace grid3 tgrid2 mgrid1 smgrid1 \">\n\n                \n                    <div class=\"box01 item_cuadro_contexto trigger_child anim_bottom_opacity animation_group anim_delay_0 \">\n\n                        \n                        <div class=\"item_title text-start\">\n\n                            \n\n\n                                                            <span class=\"item_inner_title title_2 \">\n                                                                    <\/span>\n                            \n                        <\/div>\n\n                                                <div class=\"item_content\">\n                            <ul>\n<li><strong>Certificaci\u00f3n Juniper ELITE<\/strong> Wired &amp; Wireless Reseller<\/li>\n<li><strong>Certificaci\u00f3n Juniper ELITE<\/strong> SDWAN Reseller<\/li>\n<li><strong>Certificaci\u00f3n Juniper ELITE<\/strong> Routing &amp; Switching Reseller<\/li>\n<\/ul>\n                        <\/div>\n                                          \n                        \n                    <\/div>\n\n                \n            <\/div>\n\n                            \n            \n           \n\n\n\n        <\/div>\n\n\n\n    <\/div>\n\n<\/section>\n\n\n\n\n\n<section class=\"floater section_block paralax_parent trigger_parent bg_gris marTop_grande marBot_grande\">\n\n\t<div class=\"spacer\" style=\"padding-top:0px\"><\/div>\n\n\t\n\t<div class=\"content-center\">\n\n\t\t<div class=\"content_seleccionar_casos \">\n\t\t\t\n    \t\t\t    \t\t<div class=\"simple_intro trigger_child anim_bottom_opacity animation_group\">\n\t    \t\t\t<pre><strong>SOLUCIONES DE JUNIPER <\/strong>APLICADAS AL MUNDO ACTUAL<\/pre>\n<h3 style=\"text-align: center;\">Casos de \u00e9xito<\/h3>\n\t    \t\t<\/div>\n\t    \t\n\t\t\t<div class=\"grid_seleccionar_casos\">\n                \n\t\t\t\t                        <div class=\"card_caso trigger_child anim_bottom_opacity animation_group anim_delay_0\">\n                            <div class=\"card_cover\">\n                                <div class=\"bg_shadow\"><\/div>\n                                <div class=\"card_logo\">\n                                                                            <div class=\"icono_caso\">\n                                            <img decoding=\"async\" src=\"https:\/\/www.ikusi.com\/wp-content\/themes\/ikusi2025\/images\/iconos\/sectores\/retail.svg\" alt=\"\">\n                                        <\/div>\t\n                                    \n                                                                            <div class=\"titulo_logo\">\n                                            Automatizaci\u00f3n y control de centros de datos con soluci\u00f3n multimarca Juniper Apstra                                        <\/div>\t\n                                                                    <\/div>\n                                <div class=\"img_wrapper\">\n                                    <picture class=\"item_picture\"><source srcset=\"https:\/\/www.ikusi.com\/wp-content\/uploads\/2025\/07\/juniper-astra-1-1000x667.jpg.webp\" alt=\"\" title=\"juniper-astra\" type=\"image\/webp\" ><source srcset=\"https:\/\/www.ikusi.com\/wp-content\/uploads\/2025\/07\/juniper-astra-1-1000x667.jpg\" alt=\"\" title=\"juniper-astra\" ><img decoding=\"async\" width=\"\" height=\"\" src=\"https:\/\/www.ikusi.com\/wp-content\/uploads\/2025\/07\/juniper-astra-1-1000x667.jpg\" alt=\"\" title=\"juniper-astra\"><\/picture>                                <\/div>\n                            <\/div>\n                            <div class=\"card_content\">\n                                <a class=\"card_link_full\" href=\"https:\/\/www.ikusi.com\/mx\/casos-de-exito\/automatizacion-y-control-de-centros-de-datos-con-solucion-multimarca-juniper-apstra\/\" target=\"_self\" title=\"Automatizaci\u00f3n y control de centros de datos con soluci\u00f3n multimarca Juniper Apstra\">\n                                <\/a>\n                                <div class=\"card_header\">\n                                    <div class=\"card_title\">\n                                        Automatizaci\u00f3n y control de centros de datos con soluci\u00f3n multimarca Juniper Apstra                                    <\/div>\n                                <\/div>\n                                \n                                <div class=\"card_desc\">\n                                    Una de las principales cadenas de retail ha confiado en Ikusi para desplegar una soluci\u00f3n innovadora de automatizaci\u00f3n y orquestaci\u00f3n de centros de datos mediante Juniper Apstra.                                 <\/div>\n                                <div class=\"card_meta\">\n                                    <div class=\"card_meta_l\">\n                                       \n                                    <\/div>\n                                    <div class=\"card_meta_r\">\n                                        M\u00e9xico                                    <\/div>\n                                <\/div>\n                                <div class=\"card_footer\">\n                                    <div class=\"card_footer_l\">\n                                                                                    <div class=\"icono_caso\">\n                                                <img decoding=\"async\" src=\"https:\/\/www.ikusi.com\/wp-content\/themes\/ikusi2025\/images\/iconos\/sectores\/retail.svg\" alt=\"\">\n                                            <\/div>\t\n                                                                            <\/div>\n                                    <div class=\"card_footer_r\">\n                                        <a class=\"btn_text\" href=\"https:\/\/www.ikusi.com\/mx\/casos-de-exito\/automatizacion-y-control-de-centros-de-datos-con-solucion-multimarca-juniper-apstra\/\" target=\"_self\" title=\"Automatizaci\u00f3n y control de centros de datos con soluci\u00f3n multimarca Juniper Apstra\">\n                                            <span class=\"_pending_transation\">Ver m\u00e1s<\/span>\n                                            <span class=\"material-symbols-outlined\">arrow_forward<\/span>\n                                        <\/a>\n                                    <\/div>\t\n                                <\/div>\n                            <\/div>\n                        <\/div>\n                                            <div class=\"card_caso trigger_child anim_bottom_opacity animation_group anim_delay_1\">\n                            <div class=\"card_cover\">\n                                <div class=\"bg_shadow\"><\/div>\n                                <div class=\"card_logo\">\n                                                                            <div class=\"icono_caso\">\n                                            <img decoding=\"async\" src=\"https:\/\/www.ikusi.com\/wp-content\/themes\/ikusi2025\/images\/iconos\/sectores\/retail.svg\" alt=\"\">\n                                        <\/div>\t\n                                    \n                                                                            <div class=\"titulo_logo\">\n                                            Cobertura Wi-Fi 6 de alto rendimiento en tiendas y oficinas del sector retail                                        <\/div>\t\n                                                                    <\/div>\n                                <div class=\"img_wrapper\">\n                                    <picture class=\"item_picture\"><source srcset=\"https:\/\/www.ikusi.com\/wp-content\/uploads\/2025\/07\/heb-1-1000x668.jpg.webp\" alt=\"\" title=\"heb\" type=\"image\/webp\" ><source srcset=\"https:\/\/www.ikusi.com\/wp-content\/uploads\/2025\/07\/heb-1-1000x668.jpg\" alt=\"\" title=\"heb\" ><img decoding=\"async\" width=\"\" height=\"\" src=\"https:\/\/www.ikusi.com\/wp-content\/uploads\/2025\/07\/heb-1-1000x668.jpg\" alt=\"\" title=\"heb\"><\/picture>                                <\/div>\n                            <\/div>\n                            <div class=\"card_content\">\n                                <a class=\"card_link_full\" href=\"https:\/\/www.ikusi.com\/mx\/casos-de-exito\/cobertura-wi-fi-6-de-alto-rendimiento-en-tiendas-y-oficinas-del-sector-retail\/\" target=\"_self\" title=\"Cobertura Wi-Fi 6 de alto rendimiento en tiendas y oficinas del sector retail\">\n                                <\/a>\n                                <div class=\"card_header\">\n                                    <div class=\"card_title\">\n                                        Cobertura Wi-Fi 6 de alto rendimiento en tiendas y oficinas del sector retail                                    <\/div>\n                                <\/div>\n                                \n                                <div class=\"card_desc\">\n                                    Red inal\u00e1mbrica optimizada, con mayor velocidad, menor latencia y mayor capacidad de conexi\u00f3n simult\u00e1nea, soportando las necesidades actuales y futuras del negocio.                                <\/div>\n                                <div class=\"card_meta\">\n                                    <div class=\"card_meta_l\">\n                                       \n                                    <\/div>\n                                    <div class=\"card_meta_r\">\n                                        M\u00e9xico                                    <\/div>\n                                <\/div>\n                                <div class=\"card_footer\">\n                                    <div class=\"card_footer_l\">\n                                                                                    <div class=\"icono_caso\">\n                                                <img decoding=\"async\" src=\"https:\/\/www.ikusi.com\/wp-content\/themes\/ikusi2025\/images\/iconos\/sectores\/retail.svg\" alt=\"\">\n                                            <\/div>\t\n                                                                            <\/div>\n                                    <div class=\"card_footer_r\">\n                                        <a class=\"btn_text\" href=\"https:\/\/www.ikusi.com\/mx\/casos-de-exito\/cobertura-wi-fi-6-de-alto-rendimiento-en-tiendas-y-oficinas-del-sector-retail\/\" target=\"_self\" title=\"Cobertura Wi-Fi 6 de alto rendimiento en tiendas y oficinas del sector retail\">\n                                            <span class=\"_pending_transation\">Ver m\u00e1s<\/span>\n                                            <span class=\"material-symbols-outlined\">arrow_forward<\/span>\n                                        <\/a>\n                                    <\/div>\t\n                                <\/div>\n                            <\/div>\n                        <\/div>\n                    \t\t\t<\/div>\n\n\t\t\t\n\t\t<\/div>\n\n\t<\/div>\n\n<\/section>\n","protected":false},"excerpt":{"rendered":"","protected":false},"author":1,"featured_media":17072,"parent":12380,"menu_order":0,"comment_status":"closed","ping_status":"closed","template":"","meta":{"_acf_changed":false,"footnotes":""},"class_list":["post-17755","page","type-page","status-publish","has-post-thumbnail","hentry"],"acf":[],"yoast_head":"<!-- This site is optimized with the Yoast SEO plugin v25.9 - https:\/\/yoast.com\/wordpress\/plugins\/seo\/ -->\n<title>Juniper - Ikusi<\/title>\n<meta name=\"description\" content=\"La alianza entre Ikusi y Juniper potencia soluciones inteligentes en conectividad, seguridad de red y automatizaci\u00f3n para entornos empresariales.\" \/>\n<meta name=\"robots\" content=\"index, follow, max-snippet:-1, max-image-preview:large, max-video-preview:-1\" \/>\n<link rel=\"canonical\" href=\"https:\/\/www.ikusi.com\/mx\/sobre-ikusi\/aliados-tecnologicos\/juniper\/\" \/>\n<meta property=\"og:locale\" content=\"es_MX\" \/>\n<meta property=\"og:type\" content=\"article\" \/>\n<meta property=\"og:title\" content=\"Juniper - Ikusi\" \/>\n<meta property=\"og:description\" content=\"La alianza entre Ikusi y Juniper potencia soluciones inteligentes en conectividad, seguridad de red y automatizaci\u00f3n para entornos empresariales.\" \/>\n<meta property=\"og:url\" content=\"https:\/\/www.ikusi.com\/mx\/sobre-ikusi\/aliados-tecnologicos\/juniper\/\" \/>\n<meta property=\"og:site_name\" content=\"Ikusi\" \/>\n<meta property=\"article:publisher\" content=\"https:\/\/www.facebook.com\/IkusiVelatia\" \/>\n<meta property=\"article:modified_time\" content=\"2025-08-13T00:47:47+00:00\" \/>\n<meta property=\"og:image\" content=\"https:\/\/www.ikusi.com\/wp-content\/uploads\/2025\/07\/ikusi-inteligencia-artificial.jpg\" \/>\n\t<meta property=\"og:image:width\" content=\"1300\" \/>\n\t<meta property=\"og:image:height\" content=\"731\" \/>\n\t<meta property=\"og:image:type\" content=\"image\/jpeg\" \/>\n<meta name=\"twitter:card\" content=\"summary_large_image\" \/>\n<meta name=\"twitter:site\" content=\"@ikusi_espana\" \/>\n<meta name=\"twitter:label1\" content=\"Tiempo de lectura\" \/>\n\t<meta name=\"twitter:data1\" content=\"2 minutos\" \/>\n<script type=\"application\/ld+json\" class=\"yoast-schema-graph\">{\"@context\":\"https:\/\/schema.org\",\"@graph\":[{\"@type\":\"WebPage\",\"@id\":\"https:\/\/www.ikusi.com\/mx\/sobre-ikusi\/aliados-tecnologicos\/juniper\/\",\"url\":\"https:\/\/www.ikusi.com\/mx\/sobre-ikusi\/aliados-tecnologicos\/juniper\/\",\"name\":\"Juniper - Ikusi\",\"isPartOf\":{\"@id\":\"https:\/\/www.ikusi.com\/mx\/#website\"},\"primaryImageOfPage\":{\"@id\":\"https:\/\/www.ikusi.com\/mx\/sobre-ikusi\/aliados-tecnologicos\/juniper\/#primaryimage\"},\"image\":{\"@id\":\"https:\/\/www.ikusi.com\/mx\/sobre-ikusi\/aliados-tecnologicos\/juniper\/#primaryimage\"},\"thumbnailUrl\":\"https:\/\/www.ikusi.com\/wp-content\/uploads\/2025\/07\/ikusi-inteligencia-artificial.jpg\",\"datePublished\":\"2025-07-09T22:00:57+00:00\",\"dateModified\":\"2025-08-13T00:47:47+00:00\",\"description\":\"La alianza entre Ikusi y Juniper potencia soluciones inteligentes en conectividad, seguridad de red y automatizaci\u00f3n para entornos empresariales.\",\"breadcrumb\":{\"@id\":\"https:\/\/www.ikusi.com\/mx\/sobre-ikusi\/aliados-tecnologicos\/juniper\/#breadcrumb\"},\"inLanguage\":\"es\",\"potentialAction\":[{\"@type\":\"ReadAction\",\"target\":[\"https:\/\/www.ikusi.com\/mx\/sobre-ikusi\/aliados-tecnologicos\/juniper\/\"]}]},{\"@type\":\"ImageObject\",\"inLanguage\":\"es\",\"@id\":\"https:\/\/www.ikusi.com\/mx\/sobre-ikusi\/aliados-tecnologicos\/juniper\/#primaryimage\",\"url\":\"https:\/\/www.ikusi.com\/wp-content\/uploads\/2025\/07\/ikusi-inteligencia-artificial.jpg\",\"contentUrl\":\"https:\/\/www.ikusi.com\/wp-content\/uploads\/2025\/07\/ikusi-inteligencia-artificial.jpg\",\"width\":1300,\"height\":731,\"caption\":\"Ikusi Inteligencia Artificial\"},{\"@type\":\"BreadcrumbList\",\"@id\":\"https:\/\/www.ikusi.com\/mx\/sobre-ikusi\/aliados-tecnologicos\/juniper\/#breadcrumb\",\"itemListElement\":[{\"@type\":\"ListItem\",\"position\":1,\"name\":\"Portada\",\"item\":\"https:\/\/www.ikusi.com\/mx\/\"},{\"@type\":\"ListItem\",\"position\":2,\"name\":\"Sobre Ikusi\",\"item\":\"https:\/\/www.ikusi.com\/mx\/sobre-ikusi\/\"},{\"@type\":\"ListItem\",\"position\":3,\"name\":\"Aliados tecnol\u00f3gicos\",\"item\":\"https:\/\/www.ikusi.com\/mx\/sobre-ikusi\/aliados-tecnologicos\/\"},{\"@type\":\"ListItem\",\"position\":4,\"name\":\"Juniper\"}]},{\"@type\":\"WebSite\",\"@id\":\"https:\/\/www.ikusi.com\/mx\/#website\",\"url\":\"https:\/\/www.ikusi.com\/mx\/\",\"name\":\"Ikusi - Servicios de Digitalizaci\u00f3n y Ciberseguridad\",\"description\":\"\",\"publisher\":{\"@id\":\"https:\/\/www.ikusi.com\/mx\/#organization\"},\"potentialAction\":[{\"@type\":\"SearchAction\",\"target\":{\"@type\":\"EntryPoint\",\"urlTemplate\":\"https:\/\/www.ikusi.com\/mx\/?s={search_term_string}\"},\"query-input\":{\"@type\":\"PropertyValueSpecification\",\"valueRequired\":true,\"valueName\":\"search_term_string\"}}],\"inLanguage\":\"es\"},{\"@type\":\"Organization\",\"@id\":\"https:\/\/www.ikusi.com\/mx\/#organization\",\"name\":\"Ikusi\",\"url\":\"https:\/\/www.ikusi.com\/mx\/\",\"logo\":{\"@type\":\"ImageObject\",\"inLanguage\":\"es\",\"@id\":\"https:\/\/www.ikusi.com\/mx\/#\/schema\/logo\/image\/\",\"url\":\"https:\/\/www.ikusi.com\/wp-content\/uploads\/2025\/06\/logo-ikusi.svg\",\"contentUrl\":\"https:\/\/www.ikusi.com\/wp-content\/uploads\/2025\/06\/logo-ikusi.svg\",\"width\":1,\"height\":1,\"caption\":\"Ikusi\"},\"image\":{\"@id\":\"https:\/\/www.ikusi.com\/mx\/#\/schema\/logo\/image\/\"},\"sameAs\":[\"https:\/\/www.facebook.com\/IkusiVelatia\",\"https:\/\/x.com\/ikusi_espana\",\"https:\/\/www.instagram.com\/ikusi.velatia\/\",\"https:\/\/www.linkedin.com\/company\/ikusi\/\",\"https:\/\/www.youtube.com\/user\/IkusiGroup\"]}]}<\/script>\n<!-- \/ Yoast SEO plugin. -->","yoast_head_json":{"title":"Juniper - Ikusi","description":"La alianza entre Ikusi y Juniper potencia soluciones inteligentes en conectividad, seguridad de red y automatizaci\u00f3n para entornos empresariales.","robots":{"index":"index","follow":"follow","max-snippet":"max-snippet:-1","max-image-preview":"max-image-preview:large","max-video-preview":"max-video-preview:-1"},"canonical":"https:\/\/www.ikusi.com\/mx\/sobre-ikusi\/aliados-tecnologicos\/juniper\/","og_locale":"es_MX","og_type":"article","og_title":"Juniper - Ikusi","og_description":"La alianza entre Ikusi y Juniper potencia soluciones inteligentes en conectividad, seguridad de red y automatizaci\u00f3n para entornos empresariales.","og_url":"https:\/\/www.ikusi.com\/mx\/sobre-ikusi\/aliados-tecnologicos\/juniper\/","og_site_name":"Ikusi","article_publisher":"https:\/\/www.facebook.com\/IkusiVelatia","article_modified_time":"2025-08-13T00:47:47+00:00","og_image":[{"width":1300,"height":731,"url":"https:\/\/www.ikusi.com\/wp-content\/uploads\/2025\/07\/ikusi-inteligencia-artificial.jpg","type":"image\/jpeg"}],"twitter_card":"summary_large_image","twitter_site":"@ikusi_espana","twitter_misc":{"Tiempo de lectura":"2 minutos"},"schema":{"@context":"https:\/\/schema.org","@graph":[{"@type":"WebPage","@id":"https:\/\/www.ikusi.com\/mx\/sobre-ikusi\/aliados-tecnologicos\/juniper\/","url":"https:\/\/www.ikusi.com\/mx\/sobre-ikusi\/aliados-tecnologicos\/juniper\/","name":"Juniper - Ikusi","isPartOf":{"@id":"https:\/\/www.ikusi.com\/mx\/#website"},"primaryImageOfPage":{"@id":"https:\/\/www.ikusi.com\/mx\/sobre-ikusi\/aliados-tecnologicos\/juniper\/#primaryimage"},"image":{"@id":"https:\/\/www.ikusi.com\/mx\/sobre-ikusi\/aliados-tecnologicos\/juniper\/#primaryimage"},"thumbnailUrl":"https:\/\/www.ikusi.com\/wp-content\/uploads\/2025\/07\/ikusi-inteligencia-artificial.jpg","datePublished":"2025-07-09T22:00:57+00:00","dateModified":"2025-08-13T00:47:47+00:00","description":"La alianza entre Ikusi y Juniper potencia soluciones inteligentes en conectividad, seguridad de red y automatizaci\u00f3n para entornos empresariales.","breadcrumb":{"@id":"https:\/\/www.ikusi.com\/mx\/sobre-ikusi\/aliados-tecnologicos\/juniper\/#breadcrumb"},"inLanguage":"es","potentialAction":[{"@type":"ReadAction","target":["https:\/\/www.ikusi.com\/mx\/sobre-ikusi\/aliados-tecnologicos\/juniper\/"]}]},{"@type":"ImageObject","inLanguage":"es","@id":"https:\/\/www.ikusi.com\/mx\/sobre-ikusi\/aliados-tecnologicos\/juniper\/#primaryimage","url":"https:\/\/www.ikusi.com\/wp-content\/uploads\/2025\/07\/ikusi-inteligencia-artificial.jpg","contentUrl":"https:\/\/www.ikusi.com\/wp-content\/uploads\/2025\/07\/ikusi-inteligencia-artificial.jpg","width":1300,"height":731,"caption":"Ikusi Inteligencia Artificial"},{"@type":"BreadcrumbList","@id":"https:\/\/www.ikusi.com\/mx\/sobre-ikusi\/aliados-tecnologicos\/juniper\/#breadcrumb","itemListElement":[{"@type":"ListItem","position":1,"name":"Portada","item":"https:\/\/www.ikusi.com\/mx\/"},{"@type":"ListItem","position":2,"name":"Sobre Ikusi","item":"https:\/\/www.ikusi.com\/mx\/sobre-ikusi\/"},{"@type":"ListItem","position":3,"name":"Aliados tecnol\u00f3gicos","item":"https:\/\/www.ikusi.com\/mx\/sobre-ikusi\/aliados-tecnologicos\/"},{"@type":"ListItem","position":4,"name":"Juniper"}]},{"@type":"WebSite","@id":"https:\/\/www.ikusi.com\/mx\/#website","url":"https:\/\/www.ikusi.com\/mx\/","name":"Ikusi - Servicios de Digitalizaci\u00f3n y Ciberseguridad","description":"","publisher":{"@id":"https:\/\/www.ikusi.com\/mx\/#organization"},"potentialAction":[{"@type":"SearchAction","target":{"@type":"EntryPoint","urlTemplate":"https:\/\/www.ikusi.com\/mx\/?s={search_term_string}"},"query-input":{"@type":"PropertyValueSpecification","valueRequired":true,"valueName":"search_term_string"}}],"inLanguage":"es"},{"@type":"Organization","@id":"https:\/\/www.ikusi.com\/mx\/#organization","name":"Ikusi","url":"https:\/\/www.ikusi.com\/mx\/","logo":{"@type":"ImageObject","inLanguage":"es","@id":"https:\/\/www.ikusi.com\/mx\/#\/schema\/logo\/image\/","url":"https:\/\/www.ikusi.com\/wp-content\/uploads\/2025\/06\/logo-ikusi.svg","contentUrl":"https:\/\/www.ikusi.com\/wp-content\/uploads\/2025\/06\/logo-ikusi.svg","width":1,"height":1,"caption":"Ikusi"},"image":{"@id":"https:\/\/www.ikusi.com\/mx\/#\/schema\/logo\/image\/"},"sameAs":["https:\/\/www.facebook.com\/IkusiVelatia","https:\/\/x.com\/ikusi_espana","https:\/\/www.instagram.com\/ikusi.velatia\/","https:\/\/www.linkedin.com\/company\/ikusi\/","https:\/\/www.youtube.com\/user\/IkusiGroup"]}]}},"_links":{"self":[{"href":"https:\/\/www.ikusi.com\/mx\/wp-json\/wp\/v2\/pages\/17755","targetHints":{"allow":["GET"]}}],"collection":[{"href":"https:\/\/www.ikusi.com\/mx\/wp-json\/wp\/v2\/pages"}],"about":[{"href":"https:\/\/www.ikusi.com\/mx\/wp-json\/wp\/v2\/types\/page"}],"author":[{"embeddable":true,"href":"https:\/\/www.ikusi.com\/mx\/wp-json\/wp\/v2\/users\/1"}],"replies":[{"embeddable":true,"href":"https:\/\/www.ikusi.com\/mx\/wp-json\/wp\/v2\/comments?post=17755"}],"version-history":[{"count":8,"href":"https:\/\/www.ikusi.com\/mx\/wp-json\/wp\/v2\/pages\/17755\/revisions"}],"predecessor-version":[{"id":22030,"href":"https:\/\/www.ikusi.com\/mx\/wp-json\/wp\/v2\/pages\/17755\/revisions\/22030"}],"up":[{"embeddable":true,"href":"https:\/\/www.ikusi.com\/mx\/wp-json\/wp\/v2\/pages\/12380"}],"wp:featuredmedia":[{"embeddable":true,"href":"https:\/\/www.ikusi.com\/mx\/wp-json\/wp\/v2\/media\/17072"}],"wp:attachment":[{"href":"https:\/\/www.ikusi.com\/mx\/wp-json\/wp\/v2\/media?parent=17755"}],"curies":[{"name":"wp","href":"https:\/\/api.w.org\/{rel}","templated":true}]}}